{"id":3261,"date":"2024-12-23T18:31:11","date_gmt":"2024-12-23T17:31:11","guid":{"rendered":"https:\/\/otsvbnncj.preview.infomaniak.website\/?post_type=product&#038;p=3261"},"modified":"2025-03-04T21:23:48","modified_gmt":"2025-03-04T20:23:48","slug":"weisse-forelle","status":"publish","type":"product","link":"https:\/\/guibertpiscicultures.ch\/de\/produkt\/weisse-forelle\/","title":{"rendered":"Weisse Forelle"},"content":{"rendered":"","protected":false},"excerpt":{"rendered":"<div class=\"elementor-spacer\" style=\"height: 30px;\">\n<div class=\"elementor-spacer-inner\"><\/div>\n<\/div>\n<h4 style=\"font-size: 28px;\">Praktische Informationen<\/h4>\n<p>Wir laden Sie ein, Ihre Fische direkt in unserer <a style=\"color: #436baf;\" href=\"https:\/\/maps.app.goo.gl\/pWCVDYRfSbc94RjU7\" target=\"_blank\" rel=\"noopener\">Fischzucht in Cornaux<\/a> (chem. du Scex que Pliau 8, 1832 Montreux) abzuholen. F\u00fcr unsere Gesch\u00e4ftskunden (Gastronomen, H\u00e4ndler, gro\u00dfe Ketten usw.) bieten wir einen Lieferservice an, der auf Ihre Bed\u00fcrfnisse zugeschnitten ist, dank unserer eigenen Fahrzeugflotte.<\/p>\n<p><a class=\"button-4\" href=\"\/de\/verkauf-fisch-schweiz\/\" target=\"_self\">Bestellung<\/a><\/p>\n<div class=\"elementor-spacer\" style=\"height: 30px;\">\n<div class=\"elementor-spacer-inner\"><\/div>\n<\/div>\n<h5 style=\"font-size: 22px;\">Geschmack: subtil und leicht s\u00fc\u00dflich, mit feinem, zartem Fleisch.<\/h5>\n<div class=\"elementor-spacer\" style=\"height: 30px;\">\n<div class=\"elementor-spacer-inner\"><\/div>\n<\/div>\n<h2 style=\"font-size: 28px;\">Weisse Forelle als Filet<\/h2>\n<p>CHF 4.80 (CHF 3.00 \/ 100 g)<br \/>\nZuschlag ohne Haut: + CHF 2.00 \/ kg<br \/>\nZuschlag ohne Gr\u00e4ten: + CHF 4.00 \/ kg<br \/>\nDurchschnittliches Gewicht: zwischen 90 g und 160 g<\/p>\n<div class=\"elementor-spacer\" style=\"height: 20px;\">\n<div class=\"elementor-spacer-inner\"><\/div>\n<\/div>\n<h2 style=\"font-size: 28px;\">Weisse Forelle ganz und ausgenommen<\/h2>\n<p>CHF 11.40 (CHF 1.90 \/ 100 g)<br \/>\nDurchschnittliches Gewicht: zwischen 300 g und 600 g<\/p>\n<div class=\"elementor-spacer\" style=\"height: 20px;\">\n<div class=\"elementor-spacer-inner\"><\/div>\n<\/div>\n<h4 style=\"font-size: 28px;\">Feinschmecker-Ideen<\/h4>\n<p>Die weisse Forelle, ein edler S\u00fc\u00dfwasserfisch, zeichnet sich durch ihr zartes, leicht s\u00fc\u00dfliches Fleisch aus. Perfekt, um Ihre Mahlzeiten zu veredeln, eignet sie sich f\u00fcr eine Vielzahl von Zubereitungen:<br \/>\nGebraten mit etwas gekl\u00e4rter Butter, in Folie gegart mit frischen Kr\u00e4utern wie Thymian oder Rosmarin oder ger\u00e4uchert, um ihren vollen Geschmack zu entfalten.<\/p>\n<p>Sie harmoniert wunderbar mit knackigem Gem\u00fcse, neuen Kartoffeln oder leichten P\u00fcrees.<br \/>\nDill, Kerbel oder Schnittlauch unterstreichen ihren feinen Geschmack, w\u00e4hrend eine Sauce aus Beurre Blanc oder eine leichte Zitronencreme eine k\u00f6stliche Note hinzuf\u00fcgt.<\/p>\n<p>Bringen Sie kulinarischen Genuss in Ihre Mahlzeiten mit unseren k\u00f6stlichen <a style=\"color: #436baf;\" href=\"\/de\/fischrezepte\/\">Fischrezepten<\/a>!<\/p>\n<div class=\"elementor-spacer\" style=\"height: 20px;\">\n<div class=\"elementor-spacer-inner\"><\/div>\n<\/div>\n<h4 style=\"font-size: 28px;\">Eigenschaften<\/h4>\n<p>Familie: Salmoniden<br \/>\nBesonderheiten: Urspr\u00fcnglich aus den kalten Regionen der Nordhalbkugel, insbesondere den Gebirgen Nordamerikas, zeichnet sich die weisse Forelle durch ihr silbrig gl\u00e4nzendes \u00c4u\u00dferes und ihr zartes Fleisch aus.<br \/>\nWas sie liebt: Hochwertiges, gut mit Sauerstoff angereichertes und frisches Wasser.<br \/>\nLateinischer Name: <em>Salvelinus alpinus<\/em>.<\/p>\n<div class=\"elementor-spacer\" style=\"height: 30px;\">\n<div class=\"elementor-spacer-inner\"><\/div>\n<\/div>\n","protected":false},"featured_media":2600,"template":"","meta":[],"product_brand":[],"product_cat":[98],"product_tag":[101,103],"class_list":{"0":"post-3261","1":"product","2":"type-product","3":"status-publish","4":"has-post-thumbnail","6":"product_cat-forellen","7":"product_tag-forelle","8":"product_tag-weisse-forelle","10":"first","11":"instock","12":"shipping-taxable","13":"purchasable","14":"product-type-simple"},"yoast_head":"<!-- This site is optimized with the Yoast SEO plugin v26.0 - https:\/\/yoast.com\/wordpress\/plugins\/seo\/ -->\n<title>Weisse Forelle - Guibert Piscicultures Waadt<\/title>\n<meta name=\"description\" content=\"Kaufen Sie die frische weisse Forelle mit zartem und leicht s\u00fc\u00dflichem Fleisch. Erh\u00e4ltlich als Filets oder im Ganzen, ideal f\u00fcr raffinierte Rezepte: gebraten, in Folie gegart oder ger\u00e4uchert. Direktabholung in unserer Fischzucht in Cornaux.\" \/>\n<meta name=\"robots\" content=\"index, follow, max-snippet:-1, max-image-preview:large, max-video-preview:-1\" \/>\n<link rel=\"canonical\" href=\"https:\/\/guibertpiscicultures.ch\/de\/produkt\/weisse-forelle\/\" \/>\n<meta property=\"og:locale\" content=\"de_DE\" \/>\n<meta property=\"og:type\" content=\"article\" \/>\n<meta property=\"og:title\" content=\"Weisse Forelle - Guibert Piscicultures Waadt\" \/>\n<meta property=\"og:description\" content=\"Kaufen Sie die frische weisse Forelle mit zartem und leicht s\u00fc\u00dflichem Fleisch. Erh\u00e4ltlich als Filets oder im Ganzen, ideal f\u00fcr raffinierte Rezepte: gebraten, in Folie gegart oder ger\u00e4uchert. Direktabholung in unserer Fischzucht in Cornaux.\" \/>\n<meta property=\"og:url\" content=\"https:\/\/guibertpiscicultures.ch\/de\/produkt\/weisse-forelle\/\" \/>\n<meta property=\"og:site_name\" content=\"Guibert Piscicultures Waadt\" \/>\n<meta property=\"article:modified_time\" content=\"2025-03-04T20:23:48+00:00\" \/>\n<meta property=\"og:image\" content=\"https:\/\/guibertpiscicultures.ch\/wp-content\/uploads\/pisciculture-truite-blanche.jpg\" \/>\n\t<meta property=\"og:image:width\" content=\"800\" \/>\n\t<meta property=\"og:image:height\" content=\"560\" \/>\n\t<meta property=\"og:image:type\" content=\"image\/jpeg\" \/>\n<meta name=\"twitter:card\" content=\"summary_large_image\" \/>\n<meta name=\"twitter:label1\" content=\"Est. reading time\" \/>\n\t<meta name=\"twitter:data1\" content=\"1 minute\" \/>\n<script type=\"application\/ld+json\" class=\"yoast-schema-graph\">{\"@context\":\"https:\/\/schema.org\",\"@graph\":[{\"@type\":\"WebPage\",\"@id\":\"https:\/\/guibertpiscicultures.ch\/de\/produkt\/weisse-forelle\/\",\"url\":\"https:\/\/guibertpiscicultures.ch\/de\/produkt\/weisse-forelle\/\",\"name\":\"Weisse Forelle - Guibert Piscicultures Waadt\",\"isPartOf\":{\"@id\":\"https:\/\/guibertpiscicultures.ch\/de\/#website\"},\"primaryImageOfPage\":{\"@id\":\"https:\/\/guibertpiscicultures.ch\/de\/produkt\/weisse-forelle\/#primaryimage\"},\"image\":{\"@id\":\"https:\/\/guibertpiscicultures.ch\/de\/produkt\/weisse-forelle\/#primaryimage\"},\"thumbnailUrl\":\"https:\/\/guibertpiscicultures.ch\/wp-content\/uploads\/pisciculture-truite-blanche.jpg\",\"datePublished\":\"2024-12-23T17:31:11+00:00\",\"dateModified\":\"2025-03-04T20:23:48+00:00\",\"description\":\"Kaufen Sie die frische weisse Forelle mit zartem und leicht s\u00fc\u00dflichem Fleisch. Erh\u00e4ltlich als Filets oder im Ganzen, ideal f\u00fcr raffinierte Rezepte: gebraten, in Folie gegart oder ger\u00e4uchert. Direktabholung in unserer Fischzucht in Cornaux.\",\"breadcrumb\":{\"@id\":\"https:\/\/guibertpiscicultures.ch\/de\/produkt\/weisse-forelle\/#breadcrumb\"},\"inLanguage\":\"de-DE\",\"potentialAction\":[{\"@type\":\"ReadAction\",\"target\":[\"https:\/\/guibertpiscicultures.ch\/de\/produkt\/weisse-forelle\/\"]}]},{\"@type\":\"ImageObject\",\"inLanguage\":\"de-DE\",\"@id\":\"https:\/\/guibertpiscicultures.ch\/de\/produkt\/weisse-forelle\/#primaryimage\",\"url\":\"https:\/\/guibertpiscicultures.ch\/wp-content\/uploads\/pisciculture-truite-blanche.jpg\",\"contentUrl\":\"https:\/\/guibertpiscicultures.ch\/wp-content\/uploads\/pisciculture-truite-blanche.jpg\",\"width\":800,\"height\":560,\"caption\":\"Fischzucht Weisse Forelle\"},{\"@type\":\"BreadcrumbList\",\"@id\":\"https:\/\/guibertpiscicultures.ch\/de\/produkt\/weisse-forelle\/#breadcrumb\",\"itemListElement\":[{\"@type\":\"ListItem\",\"position\":1,\"name\":\"Home\",\"item\":\"https:\/\/guibertpiscicultures.ch\/de\/\"},{\"@type\":\"ListItem\",\"position\":2,\"name\":\"Shop\",\"item\":\"https:\/\/guibertpiscicultures.ch\/de\/shop\/\"},{\"@type\":\"ListItem\",\"position\":3,\"name\":\"Weisse Forelle\"}]},{\"@type\":\"WebSite\",\"@id\":\"https:\/\/guibertpiscicultures.ch\/de\/#website\",\"url\":\"https:\/\/guibertpiscicultures.ch\/de\/\",\"name\":\"Guibert Piscicultures Vaud\",\"description\":\"Forellen, Lachsforellen, Saiblinge\",\"publisher\":{\"@id\":\"https:\/\/guibertpiscicultures.ch\/de\/#organization\"},\"alternateName\":\"Guibert Piscicultures\",\"potentialAction\":[{\"@type\":\"SearchAction\",\"target\":{\"@type\":\"EntryPoint\",\"urlTemplate\":\"https:\/\/guibertpiscicultures.ch\/de\/?s={search_term_string}\"},\"query-input\":{\"@type\":\"PropertyValueSpecification\",\"valueRequired\":true,\"valueName\":\"search_term_string\"}}],\"inLanguage\":\"de-DE\"},{\"@type\":\"Organization\",\"@id\":\"https:\/\/guibertpiscicultures.ch\/de\/#organization\",\"name\":\"Guibert Piscicultures SA\",\"alternateName\":\"Guibert Piscicultures\",\"url\":\"https:\/\/guibertpiscicultures.ch\/de\/\",\"logo\":{\"@type\":\"ImageObject\",\"inLanguage\":\"de-DE\",\"@id\":\"https:\/\/guibertpiscicultures.ch\/de\/#\/schema\/logo\/image\/\",\"url\":\"https:\/\/guibertpiscicultures.ch\/wp-content\/uploads\/Guibert-Piscicultures-logo-1.png\",\"contentUrl\":\"https:\/\/guibertpiscicultures.ch\/wp-content\/uploads\/Guibert-Piscicultures-logo-1.png\",\"width\":696,\"height\":696,\"caption\":\"Guibert Piscicultures SA\"},\"image\":{\"@id\":\"https:\/\/guibertpiscicultures.ch\/de\/#\/schema\/logo\/image\/\"}}]}<\/script>\n<!-- \/ Yoast SEO plugin. -->","yoast_head_json":{"title":"Weisse Forelle - Guibert Piscicultures Waadt","description":"Kaufen Sie die frische weisse Forelle mit zartem und leicht s\u00fc\u00dflichem Fleisch. Erh\u00e4ltlich als Filets oder im Ganzen, ideal f\u00fcr raffinierte Rezepte: gebraten, in Folie gegart oder ger\u00e4uchert. Direktabholung in unserer Fischzucht in Cornaux.","robots":{"index":"index","follow":"follow","max-snippet":"max-snippet:-1","max-image-preview":"max-image-preview:large","max-video-preview":"max-video-preview:-1"},"canonical":"https:\/\/guibertpiscicultures.ch\/de\/produkt\/weisse-forelle\/","og_locale":"de_DE","og_type":"article","og_title":"Weisse Forelle - Guibert Piscicultures Waadt","og_description":"Kaufen Sie die frische weisse Forelle mit zartem und leicht s\u00fc\u00dflichem Fleisch. Erh\u00e4ltlich als Filets oder im Ganzen, ideal f\u00fcr raffinierte Rezepte: gebraten, in Folie gegart oder ger\u00e4uchert. Direktabholung in unserer Fischzucht in Cornaux.","og_url":"https:\/\/guibertpiscicultures.ch\/de\/produkt\/weisse-forelle\/","og_site_name":"Guibert Piscicultures Waadt","article_modified_time":"2025-03-04T20:23:48+00:00","og_image":[{"width":800,"height":560,"url":"https:\/\/guibertpiscicultures.ch\/wp-content\/uploads\/pisciculture-truite-blanche.jpg","type":"image\/jpeg"}],"twitter_card":"summary_large_image","twitter_misc":{"Est. reading time":"1 minute"},"schema":{"@context":"https:\/\/schema.org","@graph":[{"@type":"WebPage","@id":"https:\/\/guibertpiscicultures.ch\/de\/produkt\/weisse-forelle\/","url":"https:\/\/guibertpiscicultures.ch\/de\/produkt\/weisse-forelle\/","name":"Weisse Forelle - Guibert Piscicultures Waadt","isPartOf":{"@id":"https:\/\/guibertpiscicultures.ch\/de\/#website"},"primaryImageOfPage":{"@id":"https:\/\/guibertpiscicultures.ch\/de\/produkt\/weisse-forelle\/#primaryimage"},"image":{"@id":"https:\/\/guibertpiscicultures.ch\/de\/produkt\/weisse-forelle\/#primaryimage"},"thumbnailUrl":"https:\/\/guibertpiscicultures.ch\/wp-content\/uploads\/pisciculture-truite-blanche.jpg","datePublished":"2024-12-23T17:31:11+00:00","dateModified":"2025-03-04T20:23:48+00:00","description":"Kaufen Sie die frische weisse Forelle mit zartem und leicht s\u00fc\u00dflichem Fleisch. Erh\u00e4ltlich als Filets oder im Ganzen, ideal f\u00fcr raffinierte Rezepte: gebraten, in Folie gegart oder ger\u00e4uchert. Direktabholung in unserer Fischzucht in Cornaux.","breadcrumb":{"@id":"https:\/\/guibertpiscicultures.ch\/de\/produkt\/weisse-forelle\/#breadcrumb"},"inLanguage":"de-DE","potentialAction":[{"@type":"ReadAction","target":["https:\/\/guibertpiscicultures.ch\/de\/produkt\/weisse-forelle\/"]}]},{"@type":"ImageObject","inLanguage":"de-DE","@id":"https:\/\/guibertpiscicultures.ch\/de\/produkt\/weisse-forelle\/#primaryimage","url":"https:\/\/guibertpiscicultures.ch\/wp-content\/uploads\/pisciculture-truite-blanche.jpg","contentUrl":"https:\/\/guibertpiscicultures.ch\/wp-content\/uploads\/pisciculture-truite-blanche.jpg","width":800,"height":560,"caption":"Fischzucht Weisse Forelle"},{"@type":"BreadcrumbList","@id":"https:\/\/guibertpiscicultures.ch\/de\/produkt\/weisse-forelle\/#breadcrumb","itemListElement":[{"@type":"ListItem","position":1,"name":"Home","item":"https:\/\/guibertpiscicultures.ch\/de\/"},{"@type":"ListItem","position":2,"name":"Shop","item":"https:\/\/guibertpiscicultures.ch\/de\/shop\/"},{"@type":"ListItem","position":3,"name":"Weisse Forelle"}]},{"@type":"WebSite","@id":"https:\/\/guibertpiscicultures.ch\/de\/#website","url":"https:\/\/guibertpiscicultures.ch\/de\/","name":"Guibert Piscicultures Vaud","description":"Forellen, Lachsforellen, Saiblinge","publisher":{"@id":"https:\/\/guibertpiscicultures.ch\/de\/#organization"},"alternateName":"Guibert Piscicultures","potentialAction":[{"@type":"SearchAction","target":{"@type":"EntryPoint","urlTemplate":"https:\/\/guibertpiscicultures.ch\/de\/?s={search_term_string}"},"query-input":{"@type":"PropertyValueSpecification","valueRequired":true,"valueName":"search_term_string"}}],"inLanguage":"de-DE"},{"@type":"Organization","@id":"https:\/\/guibertpiscicultures.ch\/de\/#organization","name":"Guibert Piscicultures SA","alternateName":"Guibert Piscicultures","url":"https:\/\/guibertpiscicultures.ch\/de\/","logo":{"@type":"ImageObject","inLanguage":"de-DE","@id":"https:\/\/guibertpiscicultures.ch\/de\/#\/schema\/logo\/image\/","url":"https:\/\/guibertpiscicultures.ch\/wp-content\/uploads\/Guibert-Piscicultures-logo-1.png","contentUrl":"https:\/\/guibertpiscicultures.ch\/wp-content\/uploads\/Guibert-Piscicultures-logo-1.png","width":696,"height":696,"caption":"Guibert Piscicultures SA"},"image":{"@id":"https:\/\/guibertpiscicultures.ch\/de\/#\/schema\/logo\/image\/"}}]}},"_links":{"self":[{"href":"https:\/\/guibertpiscicultures.ch\/de\/wp-json\/wp\/v2\/product\/3261","targetHints":{"allow":["GET"]}}],"collection":[{"href":"https:\/\/guibertpiscicultures.ch\/de\/wp-json\/wp\/v2\/product"}],"about":[{"href":"https:\/\/guibertpiscicultures.ch\/de\/wp-json\/wp\/v2\/types\/product"}],"wp:featuredmedia":[{"embeddable":true,"href":"https:\/\/guibertpiscicultures.ch\/de\/wp-json\/wp\/v2\/media\/2600"}],"wp:attachment":[{"href":"https:\/\/guibertpiscicultures.ch\/de\/wp-json\/wp\/v2\/media?parent=3261"}],"wp:term":[{"taxonomy":"product_brand","embeddable":true,"href":"https:\/\/guibertpiscicultures.ch\/de\/wp-json\/wp\/v2\/product_brand?post=3261"},{"taxonomy":"product_cat","embeddable":true,"href":"https:\/\/guibertpiscicultures.ch\/de\/wp-json\/wp\/v2\/product_cat?post=3261"},{"taxonomy":"product_tag","embeddable":true,"href":"https:\/\/guibertpiscicultures.ch\/de\/wp-json\/wp\/v2\/product_tag?post=3261"}],"curies":[{"name":"wp","href":"https:\/\/api.w.org\/{rel}","templated":true}]}}