{"id":3233,"date":"2025-02-06T12:16:41","date_gmt":"2025-02-06T11:16:41","guid":{"rendered":"https:\/\/otsvbnncj.preview.infomaniak.website\/?post_type=product&#038;p=3233"},"modified":"2025-03-04T21:25:16","modified_gmt":"2025-03-04T20:25:16","slug":"saibling","status":"publish","type":"product","link":"https:\/\/guibertpiscicultures.ch\/de\/produkt\/saibling\/","title":{"rendered":"Saibling"},"content":{"rendered":"","protected":false},"excerpt":{"rendered":"<div class=\"elementor-spacer\" style=\"height: 30px;\">\n<div class=\"elementor-spacer-inner\"><\/div>\n<\/div>\n<h4 style=\"font-size: 28px;\">Praktische Informationen<\/h4>\n<p>Wir laden Sie ein, Ihre Fische direkt in unserer <a style=\"color: #436baf;\" href=\"https:\/\/maps.app.goo.gl\/pWCVDYRfSbc94RjU7\" target=\"_blank\" rel=\"noopener\">Fischzucht in Cornaux<\/a> (chem. du Scex que Pliau 8, 1832 Montreux) abzuholen. F\u00fcr unsere Gesch\u00e4ftskunden (Gastronomen, H\u00e4ndler, gro\u00dfe Ketten usw.) bieten wir einen Lieferservice an, der auf Ihre Bed\u00fcrfnisse zugeschnitten ist, dank unserer eigenen Fahrzeugflotte.<\/p>\n<p><a class=\"button-4\" href=\"\/de\/verkauf-fisch-schweiz\/\" target=\"_self\">Bestellung<\/a><\/p>\n<div class=\"elementor-spacer\" style=\"height: 30px;\">\n<div class=\"elementor-spacer-inner\"><\/div>\n<\/div>\n<h5 style=\"font-size: 22px;\">Geschmack: cremig und raffiniert, mit feinem, zartschmelzendem Fleisch.<\/h5>\n<div class=\"elementor-spacer\" style=\"height: 30px;\">\n<div class=\"elementor-spacer-inner\"><\/div>\n<\/div>\n<h2 style=\"font-size: 28px;\">Saibling als Filet<\/h2>\n<p>CHF 7.20 (CHF 4.00 \/ 100 g)<br \/>\nZuschlag ohne Haut: + CHF 2.00 \/ kg<br \/>\nZuschlag ohne Gr\u00e4ten: + CHF 4.00 \/ kg<br \/>\nDurchschnittliches Gewicht: zwischen 120 g und 180 g<\/p>\n<div class=\"elementor-spacer\" style=\"height: 20px;\">\n<div class=\"elementor-spacer-inner\"><\/div>\n<\/div>\n<h2 style=\"font-size: 28px;\">Saibling ganz und ausgenommen<\/h2>\n<p>CHF 20.00 (CHF 2.50 \/ 100 g)<br \/>\nDurchschnittliches Gewicht: zwischen 400 g und 800 g<\/p>\n<div class=\"elementor-spacer\" style=\"height: 20px;\">\n<div class=\"elementor-spacer-inner\"><\/div>\n<\/div>\n<h4 style=\"font-size: 28px;\">Feinschmecker-Ideen<\/h4>\n<p>Der Saibling, ein edler S\u00fc\u00dfwasserfisch, zeichnet sich durch sein zartes, leicht rosafarbenes Fleisch und seinen feinen Geschmack aus. Perfekt, um Ihre Mahlzeiten zu veredeln, eignet er sich f\u00fcr verschiedene Zubereitungen:<br \/>\nGebraten mit einem Hauch gekl\u00e4rter Butter, in Folie gegart mit frischen Kr\u00e4utern wie Thymian und Rosmarin oder gegrillt auf dem Grill, um seine ganze Finesse zu entfalten.<br \/>\nEr harmoniert hervorragend mit knackigem Gem\u00fcse, Spargeln, Kartoffeln oder saisonalen Gem\u00fcse-P\u00fcrees.<br \/>\nDill, Kerbel oder Basilikum unterstreichen seinen feinen Geschmack, w\u00e4hrend eine Sauce aus Beurre Blanc oder eine Kaper-Zitronen-Emulsion eine raffinierte Note hinzuf\u00fcgt.<\/p>\n<p>Lassen Sie sich von unseren k\u00f6stlichen <a style=\"color: #436baf;\" href=\"\/de\/fischrezepte\/\">Fischrezepten<\/a> inspirieren und verw\u00f6hnen Sie Ihren Gaumen!<\/p>\n<div class=\"elementor-spacer\" style=\"height: 20px;\">\n<div class=\"elementor-spacer-inner\"><\/div>\n<\/div>\n<h4 style=\"font-size: 28px;\">Eigenschaften<\/h4>\n<p>Familie: Salmoniden<br \/>\nBesonderheiten: Urspr\u00fcnglich aus Nordamerika stammend, zeichnet sich der Saibling durch sein elegantes, farbenfrohes Schuppenkleid aus, das von Gr\u00fcn bis Blau variiert und mit gelben und roten Flecken verziert ist.<br \/>\nWas er liebt: Die Wasserqualit\u00e4t, auf die er besonders empfindlich reagiert. Er bevorzugt kaltes, gut mit Sauerstoff angereichertes Wasser.<br \/>\nLateinischer Name: <em>Salvelinus fontinalis<\/em>.<\/p>\n<div class=\"elementor-spacer\" style=\"height: 30px;\">\n<div class=\"elementor-spacer-inner\"><\/div>\n<\/div>\n","protected":false},"featured_media":2586,"template":"","meta":[],"product_brand":[],"product_cat":[96],"product_tag":[99],"class_list":{"0":"post-3233","1":"product","2":"type-product","3":"status-publish","4":"has-post-thumbnail","6":"product_cat-saiblinge","7":"product_tag-saibling","9":"first","10":"instock","11":"shipping-taxable","12":"purchasable","13":"product-type-simple"},"yoast_head":"<!-- This site is optimized with the Yoast SEO plugin v26.0 - https:\/\/yoast.com\/wordpress\/plugins\/seo\/ -->\n<title>Saibling - Guibert Piscicultures Waadt<\/title>\n<meta name=\"description\" content=\"Kaufen Sie frischen Saibling, einen zarten Fisch mit schmelzendem Fleisch. Erh\u00e4ltlich als Filet oder im Ganzen \u2013 ideal f\u00fcr raffinierte Rezepte: gebraten, in Folie gegart oder gegrillt. Direkte Abholung in der Fischzucht Cornaux.\" \/>\n<meta name=\"robots\" content=\"index, follow, max-snippet:-1, max-image-preview:large, max-video-preview:-1\" \/>\n<link rel=\"canonical\" href=\"https:\/\/guibertpiscicultures.ch\/de\/produkt\/saibling\/\" \/>\n<meta property=\"og:locale\" content=\"de_DE\" \/>\n<meta property=\"og:type\" content=\"article\" \/>\n<meta property=\"og:title\" content=\"Saibling - Guibert Piscicultures Waadt\" \/>\n<meta property=\"og:description\" content=\"Kaufen Sie frischen Saibling, einen zarten Fisch mit schmelzendem Fleisch. Erh\u00e4ltlich als Filet oder im Ganzen \u2013 ideal f\u00fcr raffinierte Rezepte: gebraten, in Folie gegart oder gegrillt. Direkte Abholung in der Fischzucht Cornaux.\" \/>\n<meta property=\"og:url\" content=\"https:\/\/guibertpiscicultures.ch\/de\/produkt\/saibling\/\" \/>\n<meta property=\"og:site_name\" content=\"Guibert Piscicultures Waadt\" \/>\n<meta property=\"article:modified_time\" content=\"2025-03-04T20:25:16+00:00\" \/>\n<meta property=\"og:image\" content=\"https:\/\/guibertpiscicultures.ch\/wp-content\/uploads\/pisciculture-omble-de-fontaine-1.jpg\" \/>\n\t<meta property=\"og:image:width\" content=\"800\" \/>\n\t<meta property=\"og:image:height\" content=\"560\" \/>\n\t<meta property=\"og:image:type\" content=\"image\/jpeg\" \/>\n<meta name=\"twitter:card\" content=\"summary_large_image\" \/>\n<meta name=\"twitter:label1\" content=\"Est. reading time\" \/>\n\t<meta name=\"twitter:data1\" content=\"1 minute\" \/>\n<script type=\"application\/ld+json\" class=\"yoast-schema-graph\">{\"@context\":\"https:\/\/schema.org\",\"@graph\":[{\"@type\":\"WebPage\",\"@id\":\"https:\/\/guibertpiscicultures.ch\/de\/produkt\/saibling\/\",\"url\":\"https:\/\/guibertpiscicultures.ch\/de\/produkt\/saibling\/\",\"name\":\"Saibling - Guibert Piscicultures Waadt\",\"isPartOf\":{\"@id\":\"https:\/\/guibertpiscicultures.ch\/de\/#website\"},\"primaryImageOfPage\":{\"@id\":\"https:\/\/guibertpiscicultures.ch\/de\/produkt\/saibling\/#primaryimage\"},\"image\":{\"@id\":\"https:\/\/guibertpiscicultures.ch\/de\/produkt\/saibling\/#primaryimage\"},\"thumbnailUrl\":\"https:\/\/guibertpiscicultures.ch\/wp-content\/uploads\/pisciculture-omble-de-fontaine-1.jpg\",\"datePublished\":\"2025-02-06T11:16:41+00:00\",\"dateModified\":\"2025-03-04T20:25:16+00:00\",\"description\":\"Kaufen Sie frischen Saibling, einen zarten Fisch mit schmelzendem Fleisch. Erh\u00e4ltlich als Filet oder im Ganzen \u2013 ideal f\u00fcr raffinierte Rezepte: gebraten, in Folie gegart oder gegrillt. Direkte Abholung in der Fischzucht Cornaux.\",\"breadcrumb\":{\"@id\":\"https:\/\/guibertpiscicultures.ch\/de\/produkt\/saibling\/#breadcrumb\"},\"inLanguage\":\"de-DE\",\"potentialAction\":[{\"@type\":\"ReadAction\",\"target\":[\"https:\/\/guibertpiscicultures.ch\/de\/produkt\/saibling\/\"]}]},{\"@type\":\"ImageObject\",\"inLanguage\":\"de-DE\",\"@id\":\"https:\/\/guibertpiscicultures.ch\/de\/produkt\/saibling\/#primaryimage\",\"url\":\"https:\/\/guibertpiscicultures.ch\/wp-content\/uploads\/pisciculture-omble-de-fontaine-1.jpg\",\"contentUrl\":\"https:\/\/guibertpiscicultures.ch\/wp-content\/uploads\/pisciculture-omble-de-fontaine-1.jpg\",\"width\":800,\"height\":560,\"caption\":\"Pisciculture omble de fontaine\"},{\"@type\":\"BreadcrumbList\",\"@id\":\"https:\/\/guibertpiscicultures.ch\/de\/produkt\/saibling\/#breadcrumb\",\"itemListElement\":[{\"@type\":\"ListItem\",\"position\":1,\"name\":\"Home\",\"item\":\"https:\/\/guibertpiscicultures.ch\/de\/\"},{\"@type\":\"ListItem\",\"position\":2,\"name\":\"Shop\",\"item\":\"https:\/\/guibertpiscicultures.ch\/de\/shop\/\"},{\"@type\":\"ListItem\",\"position\":3,\"name\":\"Saibling\"}]},{\"@type\":\"WebSite\",\"@id\":\"https:\/\/guibertpiscicultures.ch\/de\/#website\",\"url\":\"https:\/\/guibertpiscicultures.ch\/de\/\",\"name\":\"Guibert Piscicultures Vaud\",\"description\":\"Forellen, Lachsforellen, Saiblinge\",\"publisher\":{\"@id\":\"https:\/\/guibertpiscicultures.ch\/de\/#organization\"},\"alternateName\":\"Guibert Piscicultures\",\"potentialAction\":[{\"@type\":\"SearchAction\",\"target\":{\"@type\":\"EntryPoint\",\"urlTemplate\":\"https:\/\/guibertpiscicultures.ch\/de\/?s={search_term_string}\"},\"query-input\":{\"@type\":\"PropertyValueSpecification\",\"valueRequired\":true,\"valueName\":\"search_term_string\"}}],\"inLanguage\":\"de-DE\"},{\"@type\":\"Organization\",\"@id\":\"https:\/\/guibertpiscicultures.ch\/de\/#organization\",\"name\":\"Guibert Piscicultures SA\",\"alternateName\":\"Guibert Piscicultures\",\"url\":\"https:\/\/guibertpiscicultures.ch\/de\/\",\"logo\":{\"@type\":\"ImageObject\",\"inLanguage\":\"de-DE\",\"@id\":\"https:\/\/guibertpiscicultures.ch\/de\/#\/schema\/logo\/image\/\",\"url\":\"https:\/\/guibertpiscicultures.ch\/wp-content\/uploads\/Guibert-Piscicultures-logo-1.png\",\"contentUrl\":\"https:\/\/guibertpiscicultures.ch\/wp-content\/uploads\/Guibert-Piscicultures-logo-1.png\",\"width\":696,\"height\":696,\"caption\":\"Guibert Piscicultures SA\"},\"image\":{\"@id\":\"https:\/\/guibertpiscicultures.ch\/de\/#\/schema\/logo\/image\/\"}}]}<\/script>\n<!-- \/ Yoast SEO plugin. -->","yoast_head_json":{"title":"Saibling - Guibert Piscicultures Waadt","description":"Kaufen Sie frischen Saibling, einen zarten Fisch mit schmelzendem Fleisch. Erh\u00e4ltlich als Filet oder im Ganzen \u2013 ideal f\u00fcr raffinierte Rezepte: gebraten, in Folie gegart oder gegrillt. Direkte Abholung in der Fischzucht Cornaux.","robots":{"index":"index","follow":"follow","max-snippet":"max-snippet:-1","max-image-preview":"max-image-preview:large","max-video-preview":"max-video-preview:-1"},"canonical":"https:\/\/guibertpiscicultures.ch\/de\/produkt\/saibling\/","og_locale":"de_DE","og_type":"article","og_title":"Saibling - Guibert Piscicultures Waadt","og_description":"Kaufen Sie frischen Saibling, einen zarten Fisch mit schmelzendem Fleisch. Erh\u00e4ltlich als Filet oder im Ganzen \u2013 ideal f\u00fcr raffinierte Rezepte: gebraten, in Folie gegart oder gegrillt. Direkte Abholung in der Fischzucht Cornaux.","og_url":"https:\/\/guibertpiscicultures.ch\/de\/produkt\/saibling\/","og_site_name":"Guibert Piscicultures Waadt","article_modified_time":"2025-03-04T20:25:16+00:00","og_image":[{"width":800,"height":560,"url":"https:\/\/guibertpiscicultures.ch\/wp-content\/uploads\/pisciculture-omble-de-fontaine-1.jpg","type":"image\/jpeg"}],"twitter_card":"summary_large_image","twitter_misc":{"Est. reading time":"1 minute"},"schema":{"@context":"https:\/\/schema.org","@graph":[{"@type":"WebPage","@id":"https:\/\/guibertpiscicultures.ch\/de\/produkt\/saibling\/","url":"https:\/\/guibertpiscicultures.ch\/de\/produkt\/saibling\/","name":"Saibling - Guibert Piscicultures Waadt","isPartOf":{"@id":"https:\/\/guibertpiscicultures.ch\/de\/#website"},"primaryImageOfPage":{"@id":"https:\/\/guibertpiscicultures.ch\/de\/produkt\/saibling\/#primaryimage"},"image":{"@id":"https:\/\/guibertpiscicultures.ch\/de\/produkt\/saibling\/#primaryimage"},"thumbnailUrl":"https:\/\/guibertpiscicultures.ch\/wp-content\/uploads\/pisciculture-omble-de-fontaine-1.jpg","datePublished":"2025-02-06T11:16:41+00:00","dateModified":"2025-03-04T20:25:16+00:00","description":"Kaufen Sie frischen Saibling, einen zarten Fisch mit schmelzendem Fleisch. Erh\u00e4ltlich als Filet oder im Ganzen \u2013 ideal f\u00fcr raffinierte Rezepte: gebraten, in Folie gegart oder gegrillt. Direkte Abholung in der Fischzucht Cornaux.","breadcrumb":{"@id":"https:\/\/guibertpiscicultures.ch\/de\/produkt\/saibling\/#breadcrumb"},"inLanguage":"de-DE","potentialAction":[{"@type":"ReadAction","target":["https:\/\/guibertpiscicultures.ch\/de\/produkt\/saibling\/"]}]},{"@type":"ImageObject","inLanguage":"de-DE","@id":"https:\/\/guibertpiscicultures.ch\/de\/produkt\/saibling\/#primaryimage","url":"https:\/\/guibertpiscicultures.ch\/wp-content\/uploads\/pisciculture-omble-de-fontaine-1.jpg","contentUrl":"https:\/\/guibertpiscicultures.ch\/wp-content\/uploads\/pisciculture-omble-de-fontaine-1.jpg","width":800,"height":560,"caption":"Pisciculture omble de fontaine"},{"@type":"BreadcrumbList","@id":"https:\/\/guibertpiscicultures.ch\/de\/produkt\/saibling\/#breadcrumb","itemListElement":[{"@type":"ListItem","position":1,"name":"Home","item":"https:\/\/guibertpiscicultures.ch\/de\/"},{"@type":"ListItem","position":2,"name":"Shop","item":"https:\/\/guibertpiscicultures.ch\/de\/shop\/"},{"@type":"ListItem","position":3,"name":"Saibling"}]},{"@type":"WebSite","@id":"https:\/\/guibertpiscicultures.ch\/de\/#website","url":"https:\/\/guibertpiscicultures.ch\/de\/","name":"Guibert Piscicultures Vaud","description":"Forellen, Lachsforellen, Saiblinge","publisher":{"@id":"https:\/\/guibertpiscicultures.ch\/de\/#organization"},"alternateName":"Guibert Piscicultures","potentialAction":[{"@type":"SearchAction","target":{"@type":"EntryPoint","urlTemplate":"https:\/\/guibertpiscicultures.ch\/de\/?s={search_term_string}"},"query-input":{"@type":"PropertyValueSpecification","valueRequired":true,"valueName":"search_term_string"}}],"inLanguage":"de-DE"},{"@type":"Organization","@id":"https:\/\/guibertpiscicultures.ch\/de\/#organization","name":"Guibert Piscicultures SA","alternateName":"Guibert Piscicultures","url":"https:\/\/guibertpiscicultures.ch\/de\/","logo":{"@type":"ImageObject","inLanguage":"de-DE","@id":"https:\/\/guibertpiscicultures.ch\/de\/#\/schema\/logo\/image\/","url":"https:\/\/guibertpiscicultures.ch\/wp-content\/uploads\/Guibert-Piscicultures-logo-1.png","contentUrl":"https:\/\/guibertpiscicultures.ch\/wp-content\/uploads\/Guibert-Piscicultures-logo-1.png","width":696,"height":696,"caption":"Guibert Piscicultures SA"},"image":{"@id":"https:\/\/guibertpiscicultures.ch\/de\/#\/schema\/logo\/image\/"}}]}},"_links":{"self":[{"href":"https:\/\/guibertpiscicultures.ch\/de\/wp-json\/wp\/v2\/product\/3233","targetHints":{"allow":["GET"]}}],"collection":[{"href":"https:\/\/guibertpiscicultures.ch\/de\/wp-json\/wp\/v2\/product"}],"about":[{"href":"https:\/\/guibertpiscicultures.ch\/de\/wp-json\/wp\/v2\/types\/product"}],"wp:featuredmedia":[{"embeddable":true,"href":"https:\/\/guibertpiscicultures.ch\/de\/wp-json\/wp\/v2\/media\/2586"}],"wp:attachment":[{"href":"https:\/\/guibertpiscicultures.ch\/de\/wp-json\/wp\/v2\/media?parent=3233"}],"wp:term":[{"taxonomy":"product_brand","embeddable":true,"href":"https:\/\/guibertpiscicultures.ch\/de\/wp-json\/wp\/v2\/product_brand?post=3233"},{"taxonomy":"product_cat","embeddable":true,"href":"https:\/\/guibertpiscicultures.ch\/de\/wp-json\/wp\/v2\/product_cat?post=3233"},{"taxonomy":"product_tag","embeddable":true,"href":"https:\/\/guibertpiscicultures.ch\/de\/wp-json\/wp\/v2\/product_tag?post=3233"}],"curies":[{"name":"wp","href":"https:\/\/api.w.org\/{rel}","templated":true}]}}