{"id":3098,"date":"2023-02-04T13:30:25","date_gmt":"2023-02-04T12:30:25","guid":{"rendered":"https:\/\/otsvbnncj.preview.infomaniak.website\/?page_id=3098"},"modified":"2025-02-14T19:50:43","modified_gmt":"2025-02-14T18:50:43","slug":"fischrezepte","status":"publish","type":"page","link":"https:\/\/guibertpiscicultures.ch\/de\/fischrezepte\/","title":{"rendered":"Fischrezepte"},"content":{"rendered":"\t\t<div data-elementor-type=\"wp-page\" data-elementor-id=\"3098\" class=\"elementor elementor-3098 elementor-576\" data-elementor-post-type=\"page\">\n\t\t\t\t\t\t<section class=\"elementor-section elementor-top-section elementor-element elementor-element-90763f5 elementor-section-full_width elementor-section-height-default elementor-section-height-default\" data-id=\"90763f5\" data-element_type=\"section\">\n\t\t\t\t\t\t<div class=\"elementor-container elementor-column-gap-no\">\n\t\t\t\t\t<div class=\"elementor-column elementor-col-100 elementor-top-column elementor-element elementor-element-328e4482\" data-id=\"328e4482\" data-element_type=\"column\">\n\t\t\t<div class=\"elementor-widget-wrap elementor-element-populated\">\n\t\t\t\t\t\t<div class=\"elementor-element elementor-element-a612f2d elementor-widget elementor-widget-candore-banner-simple\" data-id=\"a612f2d\" data-element_type=\"widget\" data-widget_type=\"candore-banner-simple.default\">\n\t\t\t\t<div class=\"elementor-widget-container\">\n\t\t\t\t\t\t\t\n\t\t\n\t\t<div class=\"banner-header valign bg-img bg-img-d-s bg-fixed\" data-overlay-dark=\"4\" data-background=\"https:\/\/guibertpiscicultures.ch\/wp-content\/uploads\/recettes-poisson.jpg\">\n\t\t\t<div class=\"container\">\n\t\t\t\t<div class=\"row\">\n\t\t\t\t\t<div class=\"col-md-12 text-center caption mt-60\">\n\t\t\t\t\t\t\t\t\t\t\t\t<h1 class=\"cd-intro-title-h1\">\n\t\t\t\t\t\t\t\t\t\t\t\t\tRezepte\t\t\t\t\t\t\t\t\t\t\t\t\t\t\t\t\t\t\t<span>welche den vollen Geschmack des Fisches entfalten<\/span>\n\t\t\t\t\t\t\t\t\t\t\t\t<\/h1>\n\t\t\t\t\t\t\t\t\t\t\t<\/div>\n\t\t\t\t<\/div>\n\t\t\t<\/div>\n        <\/div>\t\t\n\n        \t\t\t\t<\/div>\n\t\t\t\t<\/div>\n\t\t\t\t\t<\/div>\n\t\t<\/div>\n\t\t\t\t\t<\/div>\n\t\t<\/section>\n\t\t\t\t<section class=\"elementor-section elementor-top-section elementor-element elementor-element-9df72f6 elementor-section-boxed elementor-section-height-default elementor-section-height-default\" data-id=\"9df72f6\" data-element_type=\"section\" data-settings=\"{&quot;background_background&quot;:&quot;classic&quot;}\">\n\t\t\t\t\t\t<div class=\"elementor-container elementor-column-gap-default\">\n\t\t\t\t\t<div class=\"elementor-column elementor-col-100 elementor-top-column elementor-element elementor-element-0f376d1\" data-id=\"0f376d1\" data-element_type=\"column\">\n\t\t\t<div class=\"elementor-widget-wrap elementor-element-populated\">\n\t\t\t\t\t\t<div class=\"elementor-element elementor-element-e79ba28 elementor-widget elementor-widget-candore-blog-list\" data-id=\"e79ba28\" data-element_type=\"widget\" data-widget_type=\"candore-blog-list.default\">\n\t\t\t\t<div class=\"elementor-widget-container\">\n\t\t\t\t\t\t\t<div class=\"news\">\n\t\t\t<div class=\"row\">\n\t\t\t<div class=\"col-md-12\">\n                                <div class=\"chef-recommends-2 mb-90 animate-box if-child-blog\" data-animate-effect=\"fadeInUp\">\n\t\t\t\t\t<figure class=\"if-child-image\"><img decoding=\"async\" src=\"https:\/\/guibertpiscicultures.ch\/wp-content\/uploads\/truite-aux-herbes-en-papillote-744x496.jpg\" alt=\"Forelle mit Kr\u00e4utern in Pergamentpapier\" class=\"img-fluid\"><\/figure>\n\t\t\t\t\t<div class=\"caption if-child-items\">\n\t\t\t\t\t\t\t\t\t\t\t\t<h3>\n\t\t\t\t\t\t\t\t\t\t\t\t\t\t\t\t\t\t<a href=\"https:\/\/guibertpiscicultures.ch\/de\/category\/forellen\/\">Forellen  <\/a>\n\t\t\t\t\t\t\t\t\t\t\t\t<\/h3>\n                        <h4><a href=\"https:\/\/guibertpiscicultures.ch\/de\/forelle-mit-kraeutern-in-pergamentpapier\/\"><\/a>Forelle mit Kr\u00e4utern in Pergamentpapier<\/h4>\n                        <p><p>Genie\u00dfen Sie diese Forelle mit Kr\u00e4utern in Pergamentpapier, ein schmackhaftes Gericht, bei dem der zarte Fisch, verfeinert mit Kr\u00e4utern und Butter, langsam auf einem Bett aus zarten Kartoffeln gegart wird,&#8230;<\/p>\n<\/p>\n                        <hr class=\"border-2\">\n                        <div class=\"info-wrapper\">\n                            <div class=\"more\"><a href=\"https:\/\/guibertpiscicultures.ch\/de\/forelle-mit-kraeutern-in-pergamentpapier\/\" class=\"link-btn blck\" tabindex=\"0\">Rezept <i class=\"ti-arrow-right\"><\/i><\/a><\/div>\n                            <div class=\"icon ti-calendar\"> 24\/12\/2024<\/div>\n                        <\/div>\n\t\t\t\t\t<\/div>\n                <\/div>\n\t\t\t\t\t\t                <div class=\"chef-recommends-2 mb-90 animate-box if-child-blog\" data-animate-effect=\"fadeInUp\">\n\t\t\t\t\t<figure class=\"if-child-image\"><img decoding=\"async\" src=\"https:\/\/guibertpiscicultures.ch\/wp-content\/uploads\/cake-a-la-truite-aux-courgettes-et-au-chevre-1-744x496.jpg\" alt=\"Forellen-Zucchini-Kuchen mit Ziegenk\u00e4se\" class=\"img-fluid\"><\/figure>\n\t\t\t\t\t<div class=\"caption if-child-items\">\n\t\t\t\t\t\t\t\t\t\t\t\t<h3>\n\t\t\t\t\t\t\t\t\t\t\t\t\t\t\t\t\t\t<a href=\"https:\/\/guibertpiscicultures.ch\/de\/category\/forellen\/\">Forellen  <\/a>\n\t\t\t\t\t\t\t\t\t\t\t\t<\/h3>\n                        <h4><a href=\"https:\/\/guibertpiscicultures.ch\/de\/forelle-zucchini-kuchen-mit-ziegenkaese\/\"><\/a>Forellen-Zucchini-Kuchen mit Ziegenk\u00e4se<\/h4>\n                        <p><p>Entdecken Sie einen schmackhaften Kuchen, der die Zartheit der Forelle, die Frische der Zucchini und die Sanftheit des Ziegenk\u00e4ses vereint. Perfekt f\u00fcr eine leichte Mahlzeit oder einen originellen Aperitif, dieser&#8230;<\/p>\n<\/p>\n                        <hr class=\"border-2\">\n                        <div class=\"info-wrapper\">\n                            <div class=\"more\"><a href=\"https:\/\/guibertpiscicultures.ch\/de\/forelle-zucchini-kuchen-mit-ziegenkaese\/\" class=\"link-btn blck\" tabindex=\"0\">Rezept <i class=\"ti-arrow-right\"><\/i><\/a><\/div>\n                            <div class=\"icon ti-calendar\"> 24\/12\/2024<\/div>\n                        <\/div>\n\t\t\t\t\t<\/div>\n                <\/div>\n\t\t\t\t\t\t                <div class=\"chef-recommends-2 mb-90 animate-box if-child-blog\" data-animate-effect=\"fadeInUp\">\n\t\t\t\t\t<figure class=\"if-child-image\"><img decoding=\"async\" src=\"https:\/\/guibertpiscicultures.ch\/wp-content\/uploads\/truite-saumonee-au-four-avec-tomates-1-744x496.jpg\" alt=\"Lachsforelle im Ofen mit Tomaten\" class=\"img-fluid\"><\/figure>\n\t\t\t\t\t<div class=\"caption if-child-items\">\n\t\t\t\t\t\t\t\t\t\t\t\t<h3>\n\t\t\t\t\t\t\t\t\t\t\t\t\t\t\t\t\t\t<a href=\"https:\/\/guibertpiscicultures.ch\/de\/category\/forellen\/\">Forellen  <\/a>\n\t\t\t\t\t\t\t\t\t\t\t\t<\/h3>\n                        <h4><a href=\"https:\/\/guibertpiscicultures.ch\/de\/lachsforelle-im-ofen-mit-tomaten\/\"><\/a>Lachsforelle im Ofen mit Tomaten<\/h4>\n                        <p><p>Kein Fischliebhaber wird dieser Lachsforelle mit Kirschtomaten, im Ofen gegart mit Basilikum und Rosmarin, widerstehen k\u00f6nnen. Servieren Sie dazu ged\u00e4mpfte Kartoffeln. Facebook X Pinterest WhatsApp Email Print Zubereitung 25 Minuten&#8230;<\/p>\n<\/p>\n                        <hr class=\"border-2\">\n                        <div class=\"info-wrapper\">\n                            <div class=\"more\"><a href=\"https:\/\/guibertpiscicultures.ch\/de\/lachsforelle-im-ofen-mit-tomaten\/\" class=\"link-btn blck\" tabindex=\"0\">Rezept <i class=\"ti-arrow-right\"><\/i><\/a><\/div>\n                            <div class=\"icon ti-calendar\"> 24\/12\/2024<\/div>\n                        <\/div>\n\t\t\t\t\t<\/div>\n                <\/div>\n\t\t\t\t\t\t                <div class=\"chef-recommends-2 mb-90 animate-box if-child-blog\" data-animate-effect=\"fadeInUp\">\n\t\t\t\t\t<figure class=\"if-child-image\"><img decoding=\"async\" src=\"https:\/\/guibertpiscicultures.ch\/wp-content\/uploads\/truite-saumonee-sur-poireau-a-laneth-744x496.jpg\" alt=\"Lachsforelle auf Lauch mit Dill\" class=\"img-fluid\"><\/figure>\n\t\t\t\t\t<div class=\"caption if-child-items\">\n\t\t\t\t\t\t\t\t\t\t\t\t<h3>\n\t\t\t\t\t\t\t\t\t\t\t\t\t\t\t\t\t\t<a href=\"https:\/\/guibertpiscicultures.ch\/de\/category\/forellen\/\">Forellen  <\/a>\n\t\t\t\t\t\t\t\t\t\t\t\t<\/h3>\n                        <h4><a href=\"https:\/\/guibertpiscicultures.ch\/de\/lachsforelle-auf-lauch-mit-dill\/\"><\/a>Lachsforelle auf Lauch mit Dill<\/h4>\n                        <p><p>Bringen Sie mit diesem schmackhaften und raffinierten Rezept einen Hauch von Eleganz auf Ihren Tisch. Einfach zuzubereiten, vereint diese Lachsforelle auf Lauch mit Dill die Frische der Kr\u00e4uter mit der&#8230;<\/p>\n<\/p>\n                        <hr class=\"border-2\">\n                        <div class=\"info-wrapper\">\n                            <div class=\"more\"><a href=\"https:\/\/guibertpiscicultures.ch\/de\/lachsforelle-auf-lauch-mit-dill\/\" class=\"link-btn blck\" tabindex=\"0\">Rezept <i class=\"ti-arrow-right\"><\/i><\/a><\/div>\n                            <div class=\"icon ti-calendar\"> 24\/12\/2024<\/div>\n                        <\/div>\n\t\t\t\t\t<\/div>\n                <\/div>\n\t\t\t\t\t\t                <div class=\"chef-recommends-2 mb-90 animate-box if-child-blog\" data-animate-effect=\"fadeInUp\">\n\t\t\t\t\t<figure class=\"if-child-image\"><img decoding=\"async\" src=\"https:\/\/guibertpiscicultures.ch\/wp-content\/uploads\/omble-de-fontaine-grille-avec-pommes-de-terre-1-744x496.jpg\" alt=\"Grillierter Saibling mit Kartoffeln\" class=\"img-fluid\"><\/figure>\n\t\t\t\t\t<div class=\"caption if-child-items\">\n\t\t\t\t\t\t\t\t\t\t\t\t<h3>\n\t\t\t\t\t\t\t\t\t\t\t\t\t\t\t\t\t\t<a href=\"https:\/\/guibertpiscicultures.ch\/de\/category\/saiblinge\/\">Saiblinge  <\/a>\n\t\t\t\t\t\t\t\t\t\t\t\t<\/h3>\n                        <h4><a href=\"https:\/\/guibertpiscicultures.ch\/de\/grillierter-saibling-mit-kartoffeln\/\"><\/a>Grillierter Saibling mit Kartoffeln<\/h4>\n                        <p><p>Der knusprige Saibling, serviert mit nat\u00fcrlichen Kartoffeln, ist ein leichtes Hauptgericht, das auf den Tischen zu jeder Jahreszeit ideal ist. Facebook X Pinterest WhatsApp Email Print Zubereitung 10 Minuten Kochen&#8230;<\/p>\n<\/p>\n                        <hr class=\"border-2\">\n                        <div class=\"info-wrapper\">\n                            <div class=\"more\"><a href=\"https:\/\/guibertpiscicultures.ch\/de\/grillierter-saibling-mit-kartoffeln\/\" class=\"link-btn blck\" tabindex=\"0\">Rezept <i class=\"ti-arrow-right\"><\/i><\/a><\/div>\n                            <div class=\"icon ti-calendar\"> 24\/12\/2024<\/div>\n                        <\/div>\n\t\t\t\t\t<\/div>\n                <\/div>\n\t\t\t\t\t\t                <div class=\"chef-recommends-2 mb-90 animate-box if-child-blog\" data-animate-effect=\"fadeInUp\">\n\t\t\t\t\t<figure class=\"if-child-image\"><img decoding=\"async\" src=\"https:\/\/guibertpiscicultures.ch\/wp-content\/uploads\/filet-domble-de-fontaine-sur-poireaux-au-citron-vert-744x496.jpg\" alt=\"Saiblingsfilet auf Lauch mit Limette\" class=\"img-fluid\"><\/figure>\n\t\t\t\t\t<div class=\"caption if-child-items\">\n\t\t\t\t\t\t\t\t\t\t\t\t<h3>\n\t\t\t\t\t\t\t\t\t\t\t\t\t\t\t\t\t\t<a href=\"https:\/\/guibertpiscicultures.ch\/de\/category\/saiblinge\/\">Saiblinge  <\/a>\n\t\t\t\t\t\t\t\t\t\t\t\t<\/h3>\n                        <h4><a href=\"https:\/\/guibertpiscicultures.ch\/de\/filet-saibling-auf-lauch-mit-limette\/\"><\/a>Saiblingsfilet auf Lauch mit Limette<\/h4>\n                        <p><p>Ein Fischgericht, das auch f\u00fcr Anf\u00e4nger geeignet ist: Die in Butter gegarten Saiblingsfilets werden zart auf einem Bett von Lauch mit Limette serviert. Ein wahrer Genuss! Facebook X Pinterest WhatsApp&#8230;<\/p>\n<\/p>\n                        <hr class=\"border-2\">\n                        <div class=\"info-wrapper\">\n                            <div class=\"more\"><a href=\"https:\/\/guibertpiscicultures.ch\/de\/filet-saibling-auf-lauch-mit-limette\/\" class=\"link-btn blck\" tabindex=\"0\">Rezept <i class=\"ti-arrow-right\"><\/i><\/a><\/div>\n                            <div class=\"icon ti-calendar\"> 24\/12\/2024<\/div>\n                        <\/div>\n\t\t\t\t\t<\/div>\n                <\/div>\n\t\t\t\t\t\t            <\/div>\n            <\/div>\n\t\t<\/div>\n\t\t\n        \t\t\t\t<\/div>\n\t\t\t\t<\/div>\n\t\t\t\t\t<\/div>\n\t\t<\/div>\n\t\t\t\t\t<\/div>\n\t\t<\/section>\n\t\t\t\t<\/div>\n\t\t","protected":false},"excerpt":{"rendered":"<p>Rezepte welche den vollen Geschmack des Fisches entfalten Forellen Forelle mit Kr\u00e4utern in Pergamentpapier Genie\u00dfen Sie diese Forelle mit Kr\u00e4utern in Pergamentpapier, ein schmackhaftes Gericht, bei dem der zarte Fisch,&#8230;<\/p>\n","protected":false},"author":1,"featured_media":0,"parent":0,"menu_order":0,"comment_status":"closed","ping_status":"closed","template":"","meta":{"footnotes":""},"class_list":["post-3098","page","type-page","status-publish","hentry"],"yoast_head":"<!-- This site is optimized with the Yoast SEO plugin v26.0 - https:\/\/yoast.com\/wordpress\/plugins\/seo\/ -->\n<title>Fischrezepte - Guibert Piscicultures Waadt<\/title>\n<meta name=\"description\" content=\"Entdecken Sie unsere k\u00f6stlichen Rezepte mit Forelle und Bachforelle: im Papier, Kuchen, gebackener Fisch und vieles mehr. Verleihen Sie Ihrer K\u00fcche mit schmackhaften und raffinierten Gerichten das gewisse Etwas, die einfach mit unseren au\u00dfergew\u00f6hnlichen Fischen zubereitet werden k\u00f6nnen.\" \/>\n<meta name=\"robots\" content=\"index, follow, max-snippet:-1, max-image-preview:large, max-video-preview:-1\" \/>\n<link rel=\"canonical\" href=\"https:\/\/guibertpiscicultures.ch\/de\/fischrezepte\/\" \/>\n<meta property=\"og:locale\" content=\"de_DE\" \/>\n<meta property=\"og:type\" content=\"article\" \/>\n<meta property=\"og:title\" content=\"Fischrezepte - Guibert Piscicultures Waadt\" \/>\n<meta property=\"og:description\" content=\"Entdecken Sie unsere k\u00f6stlichen Rezepte mit Forelle und Bachforelle: im Papier, Kuchen, gebackener Fisch und vieles mehr. Verleihen Sie Ihrer K\u00fcche mit schmackhaften und raffinierten Gerichten das gewisse Etwas, die einfach mit unseren au\u00dfergew\u00f6hnlichen Fischen zubereitet werden k\u00f6nnen.\" \/>\n<meta property=\"og:url\" content=\"https:\/\/guibertpiscicultures.ch\/de\/fischrezepte\/\" \/>\n<meta property=\"og:site_name\" content=\"Guibert Piscicultures Waadt\" \/>\n<meta property=\"article:modified_time\" content=\"2025-02-14T18:50:43+00:00\" \/>\n<meta property=\"og:image\" content=\"https:\/\/guibertpiscicultures.ch\/wp-content\/uploads\/truite-aux-herbes-en-papillote-744x496.jpg\" \/>\n<meta name=\"twitter:card\" content=\"summary_large_image\" \/>\n<meta name=\"twitter:label1\" content=\"Est. reading time\" \/>\n\t<meta name=\"twitter:data1\" content=\"5 minutes\" \/>\n<script type=\"application\/ld+json\" class=\"yoast-schema-graph\">{\"@context\":\"https:\/\/schema.org\",\"@graph\":[{\"@type\":\"WebPage\",\"@id\":\"https:\/\/guibertpiscicultures.ch\/de\/fischrezepte\/\",\"url\":\"https:\/\/guibertpiscicultures.ch\/de\/fischrezepte\/\",\"name\":\"Fischrezepte - Guibert Piscicultures Waadt\",\"isPartOf\":{\"@id\":\"https:\/\/guibertpiscicultures.ch\/de\/#website\"},\"primaryImageOfPage\":{\"@id\":\"https:\/\/guibertpiscicultures.ch\/de\/fischrezepte\/#primaryimage\"},\"image\":{\"@id\":\"https:\/\/guibertpiscicultures.ch\/de\/fischrezepte\/#primaryimage\"},\"thumbnailUrl\":\"https:\/\/guibertpiscicultures.ch\/wp-content\/uploads\/truite-aux-herbes-en-papillote-744x496.jpg\",\"datePublished\":\"2023-02-04T12:30:25+00:00\",\"dateModified\":\"2025-02-14T18:50:43+00:00\",\"description\":\"Entdecken Sie unsere k\u00f6stlichen Rezepte mit Forelle und Bachforelle: im Papier, Kuchen, gebackener Fisch und vieles mehr. Verleihen Sie Ihrer K\u00fcche mit schmackhaften und raffinierten Gerichten das gewisse Etwas, die einfach mit unseren au\u00dfergew\u00f6hnlichen Fischen zubereitet werden k\u00f6nnen.\",\"breadcrumb\":{\"@id\":\"https:\/\/guibertpiscicultures.ch\/de\/fischrezepte\/#breadcrumb\"},\"inLanguage\":\"de-DE\",\"potentialAction\":[{\"@type\":\"ReadAction\",\"target\":[\"https:\/\/guibertpiscicultures.ch\/de\/fischrezepte\/\"]}]},{\"@type\":\"ImageObject\",\"inLanguage\":\"de-DE\",\"@id\":\"https:\/\/guibertpiscicultures.ch\/de\/fischrezepte\/#primaryimage\",\"url\":\"https:\/\/guibertpiscicultures.ch\/wp-content\/uploads\/truite-aux-herbes-en-papillote-744x496.jpg\",\"contentUrl\":\"https:\/\/guibertpiscicultures.ch\/wp-content\/uploads\/truite-aux-herbes-en-papillote-744x496.jpg\"},{\"@type\":\"BreadcrumbList\",\"@id\":\"https:\/\/guibertpiscicultures.ch\/de\/fischrezepte\/#breadcrumb\",\"itemListElement\":[{\"@type\":\"ListItem\",\"position\":1,\"name\":\"Home\",\"item\":\"https:\/\/guibertpiscicultures.ch\/de\/\"},{\"@type\":\"ListItem\",\"position\":2,\"name\":\"Fischrezepte\"}]},{\"@type\":\"WebSite\",\"@id\":\"https:\/\/guibertpiscicultures.ch\/de\/#website\",\"url\":\"https:\/\/guibertpiscicultures.ch\/de\/\",\"name\":\"Guibert Piscicultures Vaud\",\"description\":\"Forellen, Lachsforellen, Saiblinge\",\"publisher\":{\"@id\":\"https:\/\/guibertpiscicultures.ch\/de\/#organization\"},\"alternateName\":\"Guibert Piscicultures\",\"potentialAction\":[{\"@type\":\"SearchAction\",\"target\":{\"@type\":\"EntryPoint\",\"urlTemplate\":\"https:\/\/guibertpiscicultures.ch\/de\/?s={search_term_string}\"},\"query-input\":{\"@type\":\"PropertyValueSpecification\",\"valueRequired\":true,\"valueName\":\"search_term_string\"}}],\"inLanguage\":\"de-DE\"},{\"@type\":\"Organization\",\"@id\":\"https:\/\/guibertpiscicultures.ch\/de\/#organization\",\"name\":\"Guibert Piscicultures SA\",\"alternateName\":\"Guibert Piscicultures\",\"url\":\"https:\/\/guibertpiscicultures.ch\/de\/\",\"logo\":{\"@type\":\"ImageObject\",\"inLanguage\":\"de-DE\",\"@id\":\"https:\/\/guibertpiscicultures.ch\/de\/#\/schema\/logo\/image\/\",\"url\":\"https:\/\/guibertpiscicultures.ch\/wp-content\/uploads\/Guibert-Piscicultures-logo-1.png\",\"contentUrl\":\"https:\/\/guibertpiscicultures.ch\/wp-content\/uploads\/Guibert-Piscicultures-logo-1.png\",\"width\":696,\"height\":696,\"caption\":\"Guibert Piscicultures SA\"},\"image\":{\"@id\":\"https:\/\/guibertpiscicultures.ch\/de\/#\/schema\/logo\/image\/\"}}]}<\/script>\n<!-- \/ Yoast SEO plugin. -->","yoast_head_json":{"title":"Fischrezepte - Guibert Piscicultures Waadt","description":"Entdecken Sie unsere k\u00f6stlichen Rezepte mit Forelle und Bachforelle: im Papier, Kuchen, gebackener Fisch und vieles mehr. Verleihen Sie Ihrer K\u00fcche mit schmackhaften und raffinierten Gerichten das gewisse Etwas, die einfach mit unseren au\u00dfergew\u00f6hnlichen Fischen zubereitet werden k\u00f6nnen.","robots":{"index":"index","follow":"follow","max-snippet":"max-snippet:-1","max-image-preview":"max-image-preview:large","max-video-preview":"max-video-preview:-1"},"canonical":"https:\/\/guibertpiscicultures.ch\/de\/fischrezepte\/","og_locale":"de_DE","og_type":"article","og_title":"Fischrezepte - Guibert Piscicultures Waadt","og_description":"Entdecken Sie unsere k\u00f6stlichen Rezepte mit Forelle und Bachforelle: im Papier, Kuchen, gebackener Fisch und vieles mehr. Verleihen Sie Ihrer K\u00fcche mit schmackhaften und raffinierten Gerichten das gewisse Etwas, die einfach mit unseren au\u00dfergew\u00f6hnlichen Fischen zubereitet werden k\u00f6nnen.","og_url":"https:\/\/guibertpiscicultures.ch\/de\/fischrezepte\/","og_site_name":"Guibert Piscicultures Waadt","article_modified_time":"2025-02-14T18:50:43+00:00","og_image":[{"url":"https:\/\/guibertpiscicultures.ch\/wp-content\/uploads\/truite-aux-herbes-en-papillote-744x496.jpg","type":"","width":"","height":""}],"twitter_card":"summary_large_image","twitter_misc":{"Est. reading time":"5 minutes"},"schema":{"@context":"https:\/\/schema.org","@graph":[{"@type":"WebPage","@id":"https:\/\/guibertpiscicultures.ch\/de\/fischrezepte\/","url":"https:\/\/guibertpiscicultures.ch\/de\/fischrezepte\/","name":"Fischrezepte - Guibert Piscicultures Waadt","isPartOf":{"@id":"https:\/\/guibertpiscicultures.ch\/de\/#website"},"primaryImageOfPage":{"@id":"https:\/\/guibertpiscicultures.ch\/de\/fischrezepte\/#primaryimage"},"image":{"@id":"https:\/\/guibertpiscicultures.ch\/de\/fischrezepte\/#primaryimage"},"thumbnailUrl":"https:\/\/guibertpiscicultures.ch\/wp-content\/uploads\/truite-aux-herbes-en-papillote-744x496.jpg","datePublished":"2023-02-04T12:30:25+00:00","dateModified":"2025-02-14T18:50:43+00:00","description":"Entdecken Sie unsere k\u00f6stlichen Rezepte mit Forelle und Bachforelle: im Papier, Kuchen, gebackener Fisch und vieles mehr. Verleihen Sie Ihrer K\u00fcche mit schmackhaften und raffinierten Gerichten das gewisse Etwas, die einfach mit unseren au\u00dfergew\u00f6hnlichen Fischen zubereitet werden k\u00f6nnen.","breadcrumb":{"@id":"https:\/\/guibertpiscicultures.ch\/de\/fischrezepte\/#breadcrumb"},"inLanguage":"de-DE","potentialAction":[{"@type":"ReadAction","target":["https:\/\/guibertpiscicultures.ch\/de\/fischrezepte\/"]}]},{"@type":"ImageObject","inLanguage":"de-DE","@id":"https:\/\/guibertpiscicultures.ch\/de\/fischrezepte\/#primaryimage","url":"https:\/\/guibertpiscicultures.ch\/wp-content\/uploads\/truite-aux-herbes-en-papillote-744x496.jpg","contentUrl":"https:\/\/guibertpiscicultures.ch\/wp-content\/uploads\/truite-aux-herbes-en-papillote-744x496.jpg"},{"@type":"BreadcrumbList","@id":"https:\/\/guibertpiscicultures.ch\/de\/fischrezepte\/#breadcrumb","itemListElement":[{"@type":"ListItem","position":1,"name":"Home","item":"https:\/\/guibertpiscicultures.ch\/de\/"},{"@type":"ListItem","position":2,"name":"Fischrezepte"}]},{"@type":"WebSite","@id":"https:\/\/guibertpiscicultures.ch\/de\/#website","url":"https:\/\/guibertpiscicultures.ch\/de\/","name":"Guibert Piscicultures Vaud","description":"Forellen, Lachsforellen, Saiblinge","publisher":{"@id":"https:\/\/guibertpiscicultures.ch\/de\/#organization"},"alternateName":"Guibert Piscicultures","potentialAction":[{"@type":"SearchAction","target":{"@type":"EntryPoint","urlTemplate":"https:\/\/guibertpiscicultures.ch\/de\/?s={search_term_string}"},"query-input":{"@type":"PropertyValueSpecification","valueRequired":true,"valueName":"search_term_string"}}],"inLanguage":"de-DE"},{"@type":"Organization","@id":"https:\/\/guibertpiscicultures.ch\/de\/#organization","name":"Guibert Piscicultures SA","alternateName":"Guibert Piscicultures","url":"https:\/\/guibertpiscicultures.ch\/de\/","logo":{"@type":"ImageObject","inLanguage":"de-DE","@id":"https:\/\/guibertpiscicultures.ch\/de\/#\/schema\/logo\/image\/","url":"https:\/\/guibertpiscicultures.ch\/wp-content\/uploads\/Guibert-Piscicultures-logo-1.png","contentUrl":"https:\/\/guibertpiscicultures.ch\/wp-content\/uploads\/Guibert-Piscicultures-logo-1.png","width":696,"height":696,"caption":"Guibert Piscicultures SA"},"image":{"@id":"https:\/\/guibertpiscicultures.ch\/de\/#\/schema\/logo\/image\/"}}]}},"_links":{"self":[{"href":"https:\/\/guibertpiscicultures.ch\/de\/wp-json\/wp\/v2\/pages\/3098","targetHints":{"allow":["GET"]}}],"collection":[{"href":"https:\/\/guibertpiscicultures.ch\/de\/wp-json\/wp\/v2\/pages"}],"about":[{"href":"https:\/\/guibertpiscicultures.ch\/de\/wp-json\/wp\/v2\/types\/page"}],"author":[{"embeddable":true,"href":"https:\/\/guibertpiscicultures.ch\/de\/wp-json\/wp\/v2\/users\/1"}],"replies":[{"embeddable":true,"href":"https:\/\/guibertpiscicultures.ch\/de\/wp-json\/wp\/v2\/comments?post=3098"}],"version-history":[{"count":11,"href":"https:\/\/guibertpiscicultures.ch\/de\/wp-json\/wp\/v2\/pages\/3098\/revisions"}],"predecessor-version":[{"id":3366,"href":"https:\/\/guibertpiscicultures.ch\/de\/wp-json\/wp\/v2\/pages\/3098\/revisions\/3366"}],"wp:attachment":[{"href":"https:\/\/guibertpiscicultures.ch\/de\/wp-json\/wp\/v2\/media?parent=3098"}],"curies":[{"name":"wp","href":"https:\/\/api.w.org\/{rel}","templated":true}]}}