{"id":3059,"date":"2024-12-24T12:26:52","date_gmt":"2024-12-24T11:26:52","guid":{"rendered":"https:\/\/otsvbnncj.preview.infomaniak.website\/?page_id=3059"},"modified":"2025-02-05T11:03:23","modified_gmt":"2025-02-05T10:03:23","slug":"produktionsstandorte","status":"publish","type":"page","link":"https:\/\/guibertpiscicultures.ch\/de\/produktionsstandorte\/","title":{"rendered":"Produktionsstandorte"},"content":{"rendered":"\t\t<div data-elementor-type=\"wp-page\" data-elementor-id=\"3059\" class=\"elementor elementor-3059 elementor-1371\" data-elementor-post-type=\"page\">\n\t\t\t\t\t\t<section class=\"elementor-section elementor-top-section elementor-element elementor-element-193b7b4 elementor-section-full_width elementor-section-height-default elementor-section-height-default\" data-id=\"193b7b4\" data-element_type=\"section\">\n\t\t\t\t\t\t<div class=\"elementor-container elementor-column-gap-no\">\n\t\t\t\t\t<div class=\"elementor-column elementor-col-100 elementor-top-column elementor-element elementor-element-e537b64\" data-id=\"e537b64\" data-element_type=\"column\">\n\t\t\t<div class=\"elementor-widget-wrap elementor-element-populated\">\n\t\t\t\t\t\t<div class=\"elementor-element elementor-element-9cc5f6c elementor-widget elementor-widget-candore-banner-simple\" data-id=\"9cc5f6c\" data-element_type=\"widget\" data-widget_type=\"candore-banner-simple.default\">\n\t\t\t\t<div class=\"elementor-widget-container\">\n\t\t\t\t\t\t\t\n\t\t\n\t\t<div class=\"banner-header valign bg-img bg-img-d-s bg-fixed\" data-overlay-dark=\"6\" data-background=\"https:\/\/guibertpiscicultures.ch\/wp-content\/uploads\/fischzucht-schweiz-2.jpg\">\n\t\t\t<div class=\"container\">\n\t\t\t\t<div class=\"row\">\n\t\t\t\t\t<div class=\"col-md-12 text-center caption mt-60\">\n\t\t\t\t\t\t\t\t\t\t\t\t<h1 class=\"cd-intro-title-h1\">\n\t\t\t\t\t\t\t\t\t\t\t\t\tZwei Fischzuchten\t\t\t\t\t\t\t\t\t\t\t\t\t\t\t\t\t\t\t<span>Cornaux &amp; Belp<\/span>\n\t\t\t\t\t\t\t\t\t\t\t\t<\/h1>\n\t\t\t\t\t\t\t\t\t\t\t<\/div>\n\t\t\t\t<\/div>\n\t\t\t<\/div>\n        <\/div>\t\t\n\n        \t\t\t\t<\/div>\n\t\t\t\t<\/div>\n\t\t\t\t\t<\/div>\n\t\t<\/div>\n\t\t\t\t\t<\/div>\n\t\t<\/section>\n\t\t\t\t<section class=\"elementor-section elementor-top-section elementor-element elementor-element-da2abac elementor-section-boxed elementor-section-height-default elementor-section-height-default\" data-id=\"da2abac\" data-element_type=\"section\">\n\t\t\t\t\t\t<div class=\"elementor-container elementor-column-gap-default\">\n\t\t\t\t\t<div class=\"elementor-column elementor-col-100 elementor-top-column elementor-element elementor-element-b284d56\" data-id=\"b284d56\" data-element_type=\"column\">\n\t\t\t<div class=\"elementor-widget-wrap elementor-element-populated\">\n\t\t\t\t\t\t<div class=\"elementor-element elementor-element-957b47e elementor-widget elementor-widget-candore-feature\" data-id=\"957b47e\" data-element_type=\"widget\" data-widget_type=\"candore-feature.default\">\n\t\t\t\t<div class=\"elementor-widget-container\">\n\t\t\t\t\t\t\t\t\t<div class=\"features row\">\n\t<div class=\"col-md-6 animate-box \" data-animate-effect=\"fadeInLeft\">\n                <div class=\"img\">\n                    <img decoding=\"async\" src=\"https:\/\/guibertpiscicultures.ch\/wp-content\/uploads\/pisciculture-cornaux.jpg\" alt=\"http:\/\/Pisciculture%20Cornaux\">\n                <\/div>\n            <\/div>\n            <div class=\"col-md-6 valign animate-box text-left \" data-animate-effect=\"fadeInRight\">\n                <div class=\"wrap\">\n                                        <div class=\"cont\">\n                        \t\t\t\t\t\t<h3>Fischzucht Cornaux<\/h3>\n\t\t\t\t\t\t                       \t\t\t\t\t   <p>Die Geschichte von Guibert Fischzucht beginnt in Cornaux, hoch \u00fcber der Gemeinde Montreux. Gegr\u00fcndet im Jahr 1950, liegt unsere Fischzucht unterhalb einer Quelle mit kristallklarem, sauerstoffreichem Wasser. Heute beherbergt sie unser Verarbeitungszentrum mit speziellen Becken zur Haltung lebender Fische. Diese einzigartige Struktur erm\u00f6glicht es uns, unser Frischeversprechen optimal einzuhalten: Alle unsere Fische werden innerhalb von 24 Stunden vor der Lieferung verarbeitet.<\/p>\n\t\t\t\t\t   \t\t\t\t\t                       <\/div>\n                <\/div>\n            <\/div>\n        <\/div>\n\t\t\t\t\t\t\t\t<\/div>\n\t\t\t\t<\/div>\n\t\t\t\t<div class=\"elementor-element elementor-element-4cc064a elementor-widget elementor-widget-candore-feature\" data-id=\"4cc064a\" data-element_type=\"widget\" data-widget_type=\"candore-feature.default\">\n\t\t\t\t<div class=\"elementor-widget-container\">\n\t\t\t\t\t\t\t\t\t<div class=\"features row\">\n\t<div class=\"col-md-6 animate-box  order-md-last\" data-animate-effect=\"fadeInRight\">\n                <div class=\"img\">\n                    <img decoding=\"async\" src=\"https:\/\/guibertpiscicultures.ch\/wp-content\/uploads\/pisciculture-belp.jpg\" alt=\"http:\/\/Pisciculture%20Belp\">\n                <\/div>\n            <\/div>\n            <div class=\"col-md-6 valign animate-box text-left  order-md-first\" data-animate-effect=\"fadeInLeft\">\n                <div class=\"wrap\">\n                                        <div class=\"cont\">\n                        \t\t\t\t\t\t<h3>Fischzucht Belp<\/h3>\n\t\t\t\t\t\t                       \t\t\t\t\t   <p>Die Fischzucht in Belp wurde 1996 erworben und wird von einem Fluss gespeist, der sich von seiner Quelle durch den Wald schl\u00e4ngelt. Die Fische wachsen in gro\u00dfen, runden Becken heran, die ihnen viel Platz bieten, um stressfrei zu schwimmen. Unsere Fischz\u00fcchter \u00fcberwachen sie rund um die Uhr, um h\u00f6chste Qualit\u00e4t zu gew\u00e4hrleisten \u2013 eine wesentliche Voraussetzung f\u00fcr ein erstklassiges Geschmackserlebnis.<\/p>\n\t\t\t\t\t   \t\t\t\t\t                       <\/div>\n                <\/div>\n            <\/div>\n        <\/div>\n\t\t\t\t\t\t\t\t<\/div>\n\t\t\t\t<\/div>\n\t\t\t\t\t<\/div>\n\t\t<\/div>\n\t\t\t\t\t<\/div>\n\t\t<\/section>\n\t\t\t\t<\/div>\n\t\t","protected":false},"excerpt":{"rendered":"<p>Zwei Fischzuchten Cornaux &amp; Belp Fischzucht Cornaux Die Geschichte von Guibert Fischzucht beginnt in Cornaux, hoch \u00fcber der Gemeinde Montreux. Gegr\u00fcndet im Jahr 1950, liegt unsere Fischzucht unterhalb einer Quelle&#8230;<\/p>\n","protected":false},"author":1,"featured_media":0,"parent":0,"menu_order":0,"comment_status":"closed","ping_status":"closed","template":"","meta":{"footnotes":""},"class_list":["post-3059","page","type-page","status-publish","hentry"],"yoast_head":"<!-- This site is optimized with the Yoast SEO plugin v26.0 - https:\/\/yoast.com\/wordpress\/plugins\/seo\/ -->\n<title>Produktionsstandorte - Guibert Piscicultures Waadt<\/title>\n<meta name=\"description\" content=\"Entdecken Sie unsere Fischzuchten in Cornaux und Belp, Schweiz, die ideale Bedingungen f\u00fcr die Aufzucht von erstklassigen Forellen und Saiblingen bieten. Frische, R\u00fcckverfolgbarkeit und Umweltfreundlichkeit sind garantiert \u2013 f\u00fcr ein unvergleichliches Geschmackserlebnis.\" \/>\n<meta name=\"robots\" content=\"index, follow, max-snippet:-1, max-image-preview:large, max-video-preview:-1\" \/>\n<link rel=\"canonical\" href=\"https:\/\/guibertpiscicultures.ch\/de\/produktionsstandorte\/\" \/>\n<meta property=\"og:locale\" content=\"de_DE\" \/>\n<meta property=\"og:type\" content=\"article\" \/>\n<meta property=\"og:title\" content=\"Produktionsstandorte - Guibert Piscicultures Waadt\" \/>\n<meta property=\"og:description\" content=\"Entdecken Sie unsere Fischzuchten in Cornaux und Belp, Schweiz, die ideale Bedingungen f\u00fcr die Aufzucht von erstklassigen Forellen und Saiblingen bieten. Frische, R\u00fcckverfolgbarkeit und Umweltfreundlichkeit sind garantiert \u2013 f\u00fcr ein unvergleichliches Geschmackserlebnis.\" \/>\n<meta property=\"og:url\" content=\"https:\/\/guibertpiscicultures.ch\/de\/produktionsstandorte\/\" \/>\n<meta property=\"og:site_name\" content=\"Guibert Piscicultures Waadt\" \/>\n<meta property=\"article:modified_time\" content=\"2025-02-05T10:03:23+00:00\" \/>\n<meta property=\"og:image\" content=\"https:\/\/guibertpiscicultures.ch\/wp-content\/uploads\/pisciculture-cornaux.jpg\" \/>\n<meta name=\"twitter:card\" content=\"summary_large_image\" \/>\n<meta name=\"twitter:label1\" content=\"Est. reading time\" \/>\n\t<meta name=\"twitter:data1\" content=\"2 minutes\" \/>\n<script type=\"application\/ld+json\" class=\"yoast-schema-graph\">{\"@context\":\"https:\/\/schema.org\",\"@graph\":[{\"@type\":\"WebPage\",\"@id\":\"https:\/\/guibertpiscicultures.ch\/de\/produktionsstandorte\/\",\"url\":\"https:\/\/guibertpiscicultures.ch\/de\/produktionsstandorte\/\",\"name\":\"Produktionsstandorte - Guibert Piscicultures Waadt\",\"isPartOf\":{\"@id\":\"https:\/\/guibertpiscicultures.ch\/de\/#website\"},\"primaryImageOfPage\":{\"@id\":\"https:\/\/guibertpiscicultures.ch\/de\/produktionsstandorte\/#primaryimage\"},\"image\":{\"@id\":\"https:\/\/guibertpiscicultures.ch\/de\/produktionsstandorte\/#primaryimage\"},\"thumbnailUrl\":\"https:\/\/guibertpiscicultures.ch\/wp-content\/uploads\/pisciculture-cornaux.jpg\",\"datePublished\":\"2024-12-24T11:26:52+00:00\",\"dateModified\":\"2025-02-05T10:03:23+00:00\",\"description\":\"Entdecken Sie unsere Fischzuchten in Cornaux und Belp, Schweiz, die ideale Bedingungen f\u00fcr die Aufzucht von erstklassigen Forellen und Saiblingen bieten. Frische, R\u00fcckverfolgbarkeit und Umweltfreundlichkeit sind garantiert \u2013 f\u00fcr ein unvergleichliches Geschmackserlebnis.\",\"breadcrumb\":{\"@id\":\"https:\/\/guibertpiscicultures.ch\/de\/produktionsstandorte\/#breadcrumb\"},\"inLanguage\":\"de-DE\",\"potentialAction\":[{\"@type\":\"ReadAction\",\"target\":[\"https:\/\/guibertpiscicultures.ch\/de\/produktionsstandorte\/\"]}]},{\"@type\":\"ImageObject\",\"inLanguage\":\"de-DE\",\"@id\":\"https:\/\/guibertpiscicultures.ch\/de\/produktionsstandorte\/#primaryimage\",\"url\":\"https:\/\/guibertpiscicultures.ch\/wp-content\/uploads\/pisciculture-cornaux.jpg\",\"contentUrl\":\"https:\/\/guibertpiscicultures.ch\/wp-content\/uploads\/pisciculture-cornaux.jpg\"},{\"@type\":\"BreadcrumbList\",\"@id\":\"https:\/\/guibertpiscicultures.ch\/de\/produktionsstandorte\/#breadcrumb\",\"itemListElement\":[{\"@type\":\"ListItem\",\"position\":1,\"name\":\"Home\",\"item\":\"https:\/\/guibertpiscicultures.ch\/de\/\"},{\"@type\":\"ListItem\",\"position\":2,\"name\":\"Produktionsstandorte\"}]},{\"@type\":\"WebSite\",\"@id\":\"https:\/\/guibertpiscicultures.ch\/de\/#website\",\"url\":\"https:\/\/guibertpiscicultures.ch\/de\/\",\"name\":\"Guibert Piscicultures Vaud\",\"description\":\"Forellen, Lachsforellen, Saiblinge\",\"publisher\":{\"@id\":\"https:\/\/guibertpiscicultures.ch\/de\/#organization\"},\"alternateName\":\"Guibert Piscicultures\",\"potentialAction\":[{\"@type\":\"SearchAction\",\"target\":{\"@type\":\"EntryPoint\",\"urlTemplate\":\"https:\/\/guibertpiscicultures.ch\/de\/?s={search_term_string}\"},\"query-input\":{\"@type\":\"PropertyValueSpecification\",\"valueRequired\":true,\"valueName\":\"search_term_string\"}}],\"inLanguage\":\"de-DE\"},{\"@type\":\"Organization\",\"@id\":\"https:\/\/guibertpiscicultures.ch\/de\/#organization\",\"name\":\"Guibert Piscicultures SA\",\"alternateName\":\"Guibert Piscicultures\",\"url\":\"https:\/\/guibertpiscicultures.ch\/de\/\",\"logo\":{\"@type\":\"ImageObject\",\"inLanguage\":\"de-DE\",\"@id\":\"https:\/\/guibertpiscicultures.ch\/de\/#\/schema\/logo\/image\/\",\"url\":\"https:\/\/guibertpiscicultures.ch\/wp-content\/uploads\/Guibert-Piscicultures-logo-1.png\",\"contentUrl\":\"https:\/\/guibertpiscicultures.ch\/wp-content\/uploads\/Guibert-Piscicultures-logo-1.png\",\"width\":696,\"height\":696,\"caption\":\"Guibert Piscicultures SA\"},\"image\":{\"@id\":\"https:\/\/guibertpiscicultures.ch\/de\/#\/schema\/logo\/image\/\"}}]}<\/script>\n<!-- \/ Yoast SEO plugin. -->","yoast_head_json":{"title":"Produktionsstandorte - Guibert Piscicultures Waadt","description":"Entdecken Sie unsere Fischzuchten in Cornaux und Belp, Schweiz, die ideale Bedingungen f\u00fcr die Aufzucht von erstklassigen Forellen und Saiblingen bieten. Frische, R\u00fcckverfolgbarkeit und Umweltfreundlichkeit sind garantiert \u2013 f\u00fcr ein unvergleichliches Geschmackserlebnis.","robots":{"index":"index","follow":"follow","max-snippet":"max-snippet:-1","max-image-preview":"max-image-preview:large","max-video-preview":"max-video-preview:-1"},"canonical":"https:\/\/guibertpiscicultures.ch\/de\/produktionsstandorte\/","og_locale":"de_DE","og_type":"article","og_title":"Produktionsstandorte - Guibert Piscicultures Waadt","og_description":"Entdecken Sie unsere Fischzuchten in Cornaux und Belp, Schweiz, die ideale Bedingungen f\u00fcr die Aufzucht von erstklassigen Forellen und Saiblingen bieten. Frische, R\u00fcckverfolgbarkeit und Umweltfreundlichkeit sind garantiert \u2013 f\u00fcr ein unvergleichliches Geschmackserlebnis.","og_url":"https:\/\/guibertpiscicultures.ch\/de\/produktionsstandorte\/","og_site_name":"Guibert Piscicultures Waadt","article_modified_time":"2025-02-05T10:03:23+00:00","og_image":[{"url":"https:\/\/guibertpiscicultures.ch\/wp-content\/uploads\/pisciculture-cornaux.jpg","type":"","width":"","height":""}],"twitter_card":"summary_large_image","twitter_misc":{"Est. reading time":"2 minutes"},"schema":{"@context":"https:\/\/schema.org","@graph":[{"@type":"WebPage","@id":"https:\/\/guibertpiscicultures.ch\/de\/produktionsstandorte\/","url":"https:\/\/guibertpiscicultures.ch\/de\/produktionsstandorte\/","name":"Produktionsstandorte - Guibert Piscicultures Waadt","isPartOf":{"@id":"https:\/\/guibertpiscicultures.ch\/de\/#website"},"primaryImageOfPage":{"@id":"https:\/\/guibertpiscicultures.ch\/de\/produktionsstandorte\/#primaryimage"},"image":{"@id":"https:\/\/guibertpiscicultures.ch\/de\/produktionsstandorte\/#primaryimage"},"thumbnailUrl":"https:\/\/guibertpiscicultures.ch\/wp-content\/uploads\/pisciculture-cornaux.jpg","datePublished":"2024-12-24T11:26:52+00:00","dateModified":"2025-02-05T10:03:23+00:00","description":"Entdecken Sie unsere Fischzuchten in Cornaux und Belp, Schweiz, die ideale Bedingungen f\u00fcr die Aufzucht von erstklassigen Forellen und Saiblingen bieten. Frische, R\u00fcckverfolgbarkeit und Umweltfreundlichkeit sind garantiert \u2013 f\u00fcr ein unvergleichliches Geschmackserlebnis.","breadcrumb":{"@id":"https:\/\/guibertpiscicultures.ch\/de\/produktionsstandorte\/#breadcrumb"},"inLanguage":"de-DE","potentialAction":[{"@type":"ReadAction","target":["https:\/\/guibertpiscicultures.ch\/de\/produktionsstandorte\/"]}]},{"@type":"ImageObject","inLanguage":"de-DE","@id":"https:\/\/guibertpiscicultures.ch\/de\/produktionsstandorte\/#primaryimage","url":"https:\/\/guibertpiscicultures.ch\/wp-content\/uploads\/pisciculture-cornaux.jpg","contentUrl":"https:\/\/guibertpiscicultures.ch\/wp-content\/uploads\/pisciculture-cornaux.jpg"},{"@type":"BreadcrumbList","@id":"https:\/\/guibertpiscicultures.ch\/de\/produktionsstandorte\/#breadcrumb","itemListElement":[{"@type":"ListItem","position":1,"name":"Home","item":"https:\/\/guibertpiscicultures.ch\/de\/"},{"@type":"ListItem","position":2,"name":"Produktionsstandorte"}]},{"@type":"WebSite","@id":"https:\/\/guibertpiscicultures.ch\/de\/#website","url":"https:\/\/guibertpiscicultures.ch\/de\/","name":"Guibert Piscicultures Vaud","description":"Forellen, Lachsforellen, Saiblinge","publisher":{"@id":"https:\/\/guibertpiscicultures.ch\/de\/#organization"},"alternateName":"Guibert Piscicultures","potentialAction":[{"@type":"SearchAction","target":{"@type":"EntryPoint","urlTemplate":"https:\/\/guibertpiscicultures.ch\/de\/?s={search_term_string}"},"query-input":{"@type":"PropertyValueSpecification","valueRequired":true,"valueName":"search_term_string"}}],"inLanguage":"de-DE"},{"@type":"Organization","@id":"https:\/\/guibertpiscicultures.ch\/de\/#organization","name":"Guibert Piscicultures SA","alternateName":"Guibert Piscicultures","url":"https:\/\/guibertpiscicultures.ch\/de\/","logo":{"@type":"ImageObject","inLanguage":"de-DE","@id":"https:\/\/guibertpiscicultures.ch\/de\/#\/schema\/logo\/image\/","url":"https:\/\/guibertpiscicultures.ch\/wp-content\/uploads\/Guibert-Piscicultures-logo-1.png","contentUrl":"https:\/\/guibertpiscicultures.ch\/wp-content\/uploads\/Guibert-Piscicultures-logo-1.png","width":696,"height":696,"caption":"Guibert Piscicultures SA"},"image":{"@id":"https:\/\/guibertpiscicultures.ch\/de\/#\/schema\/logo\/image\/"}}]}},"_links":{"self":[{"href":"https:\/\/guibertpiscicultures.ch\/de\/wp-json\/wp\/v2\/pages\/3059","targetHints":{"allow":["GET"]}}],"collection":[{"href":"https:\/\/guibertpiscicultures.ch\/de\/wp-json\/wp\/v2\/pages"}],"about":[{"href":"https:\/\/guibertpiscicultures.ch\/de\/wp-json\/wp\/v2\/types\/page"}],"author":[{"embeddable":true,"href":"https:\/\/guibertpiscicultures.ch\/de\/wp-json\/wp\/v2\/users\/1"}],"replies":[{"embeddable":true,"href":"https:\/\/guibertpiscicultures.ch\/de\/wp-json\/wp\/v2\/comments?post=3059"}],"version-history":[{"count":7,"href":"https:\/\/guibertpiscicultures.ch\/de\/wp-json\/wp\/v2\/pages\/3059\/revisions"}],"predecessor-version":[{"id":3066,"href":"https:\/\/guibertpiscicultures.ch\/de\/wp-json\/wp\/v2\/pages\/3059\/revisions\/3066"}],"wp:attachment":[{"href":"https:\/\/guibertpiscicultures.ch\/de\/wp-json\/wp\/v2\/media?parent=3059"}],"curies":[{"name":"wp","href":"https:\/\/api.w.org\/{rel}","templated":true}]}}