{"id":2646,"date":"2024-12-25T10:45:53","date_gmt":"2024-12-25T09:45:53","guid":{"rendered":"https:\/\/otsvbnncj.preview.infomaniak.website\/?page_id=2646"},"modified":"2025-02-14T20:21:56","modified_gmt":"2025-02-14T19:21:56","slug":"fischzucht-kontakt","status":"publish","type":"page","link":"https:\/\/guibertpiscicultures.ch\/de\/fischzucht-kontakt\/","title":{"rendered":"Fischzucht Kontakt"},"content":{"rendered":"\t\t<div data-elementor-type=\"wp-page\" data-elementor-id=\"2646\" class=\"elementor elementor-2646 elementor-1736\" data-elementor-post-type=\"page\">\n\t\t\t\t\t\t<section class=\"elementor-section elementor-top-section elementor-element elementor-element-6faa4a1 elementor-section-full_width elementor-section-height-default elementor-section-height-default\" data-id=\"6faa4a1\" data-element_type=\"section\">\n\t\t\t\t\t\t<div class=\"elementor-container elementor-column-gap-no\">\n\t\t\t\t\t<div class=\"elementor-column elementor-col-100 elementor-top-column elementor-element elementor-element-3f16a78\" data-id=\"3f16a78\" data-element_type=\"column\">\n\t\t\t<div class=\"elementor-widget-wrap elementor-element-populated\">\n\t\t\t\t\t\t<div class=\"elementor-element elementor-element-711c884 elementor-widget elementor-widget-candore-banner-simple\" data-id=\"711c884\" data-element_type=\"widget\" data-widget_type=\"candore-banner-simple.default\">\n\t\t\t\t<div class=\"elementor-widget-container\">\n\t\t\t\t\t\t\t\n\t\t\n\t\t<div class=\"banner-header valign bg-img bg-img-d-s bg-fixed\" data-overlay-dark=\"5\" data-background=\"https:\/\/guibertpiscicultures.ch\/wp-content\/uploads\/pisciculture-suisse-romande-3.jpg\">\n\t\t\t<div class=\"container\">\n\t\t\t\t<div class=\"row\">\n\t\t\t\t\t<div class=\"col-md-12 text-center caption mt-60\">\n\t\t\t\t\t\t\t\t\t\t\t\t<h1 class=\"cd-intro-title-h1\">\n\t\t\t\t\t\t\t\t\t\t\t\t\tKontakt\t\t\t\t\t\t\t\t\t\t\t\t\t\t\t\t\t\t\t<span>Guibert Piscicultures AG<\/span>\n\t\t\t\t\t\t\t\t\t\t\t\t<\/h1>\n\t\t\t\t\t\t\t\t\t\t\t<\/div>\n\t\t\t\t<\/div>\n\t\t\t<\/div>\n        <\/div>\t\t\n\n        \t\t\t\t<\/div>\n\t\t\t\t<\/div>\n\t\t\t\t\t<\/div>\n\t\t<\/div>\n\t\t\t\t\t<\/div>\n\t\t<\/section>\n\t\t\t\t<section class=\"elementor-section elementor-top-section elementor-element elementor-element-a8c8ca7 elementor-section-boxed elementor-section-height-default elementor-section-height-default\" data-id=\"a8c8ca7\" data-element_type=\"section\" id=\"info\">\n\t\t\t\t\t\t<div class=\"elementor-container elementor-column-gap-default\">\n\t\t\t\t\t<div class=\"elementor-column elementor-col-33 elementor-top-column elementor-element elementor-element-41588473\" data-id=\"41588473\" data-element_type=\"column\">\n\t\t\t<div class=\"elementor-widget-wrap elementor-element-populated\">\n\t\t\t\t\t\t<div class=\"elementor-element elementor-element-4ae9b8d0 elementor-widget elementor-widget-candore-contact\" data-id=\"4ae9b8d0\" data-element_type=\"widget\" data-widget_type=\"candore-contact.default\">\n\t\t\t\t<div class=\"elementor-widget-container\">\n\t\t\t\t\t        \t\t<div class=\"info-box\">\n\t\t\t<div class=\"item\">\n                \t\t\t\t\t\t\t\t\t\t\t<span class=\" icon\"><\/span>\n\t\t\t\t\t\t\t\t\t\t\n\t\t\t\t\t\t\t\t<div class=\"cont\">\n                    \t\t\t\t\t<h5>Adresse<\/h5>\n\t\t\t\t\t                    \t\t\t\t\t\n\t\t\t\t\t\t<p><a href=\"https:\/\/maps.app.goo.gl\/pWCVDYRfSbc94RjU7\" target=\"_blank\" class=\"cd-con-mail\">Chemin du Scex que Pliau 8<br>Postfach 36<br> 1832 Chamby<\/a><\/p>\n\t\t\t\t\t\t\t\t\t<\/div>\n            <\/div>\n\t\t<\/div>\n\t\t\t\t\n        \t\t\t\t<\/div>\n\t\t\t\t<\/div>\n\t\t\t\t\t<\/div>\n\t\t<\/div>\n\t\t\t\t<div class=\"elementor-column elementor-col-33 elementor-top-column elementor-element elementor-element-426df4a0\" data-id=\"426df4a0\" data-element_type=\"column\">\n\t\t\t<div class=\"elementor-widget-wrap elementor-element-populated\">\n\t\t\t\t\t\t<div class=\"elementor-element elementor-element-293c012b elementor-widget elementor-widget-candore-contact\" data-id=\"293c012b\" data-element_type=\"widget\" data-widget_type=\"candore-contact.default\">\n\t\t\t\t<div class=\"elementor-widget-container\">\n\t\t\t\t\t        \t\t<div class=\"info-box\">\n\t\t\t<div class=\"item\">\n                \t\t\t\t\t\t\t\t\t\t\t<span class=\"ti-mobile icon\"><\/span>\n\t\t\t\t\t\t\t\t\t\t\n\t\t\t\t\t\t\t\t<div class=\"cont\">\n                    \t\t\t\t\t<h5>Telefon<\/h5>\n\t\t\t\t\t                    \t\t\n\t\t\t\t\t\t<p><a href=\"tel:+41219643753\">+41 (0)21 964 37 53<\/a><\/p>\n\t\t\t\t\t\t\t\t\t<\/div>\n            <\/div>\n\t\t<\/div>\n\t\t\t\t\n        \t\t\t\t<\/div>\n\t\t\t\t<\/div>\n\t\t\t\t\t<\/div>\n\t\t<\/div>\n\t\t\t\t<div class=\"elementor-column elementor-col-33 elementor-top-column elementor-element elementor-element-4024f7b6\" data-id=\"4024f7b6\" data-element_type=\"column\">\n\t\t\t<div class=\"elementor-widget-wrap elementor-element-populated\">\n\t\t\t\t\t\t<div class=\"elementor-element elementor-element-5aec2599 elementor-widget elementor-widget-candore-contact\" data-id=\"5aec2599\" data-element_type=\"widget\" data-widget_type=\"candore-contact.default\">\n\t\t\t\t<div class=\"elementor-widget-container\">\n\t\t\t\t\t        \t\t<div class=\"info-box\">\n\t\t\t<div class=\"item\">\n                \t\t\t\t\t\t\t\t\t\t\t<span class=\"ti-email icon\"><\/span>\n\t\t\t\t\t\t\t\t\t\t\n\t\t\t\t\t\t\t\t<div class=\"cont\">\n                    \t\t\t\t\t<h5>E-Mail<\/h5>\n\t\t\t\t\t                    \t\t\t\t\t\t<p><a href=\"&#x6d;&#x61;&#105;&#108;to&#x3a;&#x69;&#x6e;&#102;o&#64;&#x67;&#x75;&#x69;&#98;&#101;r&#x74;&#x70;&#x69;&#115;&#99;i&#x63;&#x75;&#x6c;&#116;&#117;re&#x73;&#x2e;&#x63;&#104;\">info[at]guibertpiscicultures[.]ch<\/a><\/p>\n\t\t\t\t\t\t\t\t\t<\/div>\n            <\/div>\n\t\t<\/div>\n\t\t\t\t\n        \t\t\t\t<\/div>\n\t\t\t\t<\/div>\n\t\t\t\t\t<\/div>\n\t\t<\/div>\n\t\t\t\t\t<\/div>\n\t\t<\/section>\n\t\t\t\t<section class=\"elementor-section elementor-top-section elementor-element elementor-element-30f1978e elementor-section-boxed elementor-section-height-default elementor-section-height-default\" data-id=\"30f1978e\" data-element_type=\"section\">\n\t\t\t\t\t\t<div class=\"elementor-container elementor-column-gap-default\">\n\t\t\t\t\t<div class=\"elementor-column elementor-col-100 elementor-top-column elementor-element elementor-element-2cebfd9\" data-id=\"2cebfd9\" data-element_type=\"column\">\n\t\t\t<div class=\"elementor-widget-wrap elementor-element-populated\">\n\t\t\t\t\t\t<div class=\"elementor-section elementor-inner-section elementor-element elementor-element-7d3b4234 elementor-section-full_width elementor-section-height-default elementor-section-height-default\" data-id=\"7d3b4234\" data-element_type=\"section\">\n\t\t\t\t\t\t<div class=\"elementor-container elementor-column-gap-default\">\n\t\t\t\t\t<div class=\"elementor-column elementor-col-33 elementor-inner-column elementor-element elementor-element-341437ac\" data-id=\"341437ac\" data-element_type=\"column\">\n\t\t\t<div class=\"elementor-widget-wrap elementor-element-populated\">\n\t\t\t\t\t\t<div class=\"elementor-element elementor-element-2eb3a117 elementor-widget elementor-widget-candore-sec-title\" data-id=\"2eb3a117\" data-element_type=\"widget\" data-widget_type=\"candore-sec-title.default\">\n\t\t\t\t<div class=\"elementor-widget-container\">\n\t\t\t\t\t\t\t<div class=\"section-head mb-0 text-left \">\n\t\t\t\t\t\t<h2 class=\"section-subtitle\">Guibert Piscicultures AG<\/h2>\n\t\t\t\t\t\t            <h4 class=\"section-title\">Eine Frage?\n<\/h4>\n\t\t\t\t\t\t\t\t\t\t\t<\/div>\n\t\t\t\t\t\t<\/div>\n\t\t\t\t<\/div>\n\t\t\t\t<div class=\"elementor-element elementor-element-2c107698 elementor-widget elementor-widget-candore-text-block\" data-id=\"2c107698\" data-element_type=\"widget\" data-widget_type=\"candore-text-block.default\">\n\t\t\t\t<div class=\"elementor-widget-container\">\n\t\t\t\t\t\t\t<div class=\" text-left  candore-text-block\">\r\n\t\tF\u00fcr au\u00dfergew\u00f6hnliche Forellen und Saiblinge kontaktieren Sie uns \u2013 wir beraten Sie gerne!\t\t<\/div>\r\n        \t\t\t\t<\/div>\n\t\t\t\t<\/div>\n\t\t\t\t\t<\/div>\n\t\t<\/div>\n\t\t\t\t<div class=\"elementor-column elementor-col-33 elementor-inner-column elementor-element elementor-element-1f2a63dc\" data-id=\"1f2a63dc\" data-element_type=\"column\">\n\t\t\t<div class=\"elementor-widget-wrap\">\n\t\t\t\t\t\t\t<\/div>\n\t\t<\/div>\n\t\t\t\t<div class=\"elementor-column elementor-col-33 elementor-inner-column elementor-element elementor-element-30c027d8\" data-id=\"30c027d8\" data-element_type=\"column\">\n\t\t\t<div class=\"elementor-widget-wrap elementor-element-populated\">\n\t\t\t\t\t\t<div class=\"elementor-element elementor-element-73e57faf elementor-widget elementor-widget-candore-form\" data-id=\"73e57faf\" data-element_type=\"widget\" data-widget_type=\"candore-form.default\">\n\t\t\t\t<div class=\"elementor-widget-container\">\n\t\t\t\t\t\t\t<div class=\"booking-box\">\n\t\t\t\n\t\t\t\t\t\t\t\t<div class=\"booking-inner clearfix\">\n\t\t\t\t<div class=\"form1 clearfix contact__form vc_template\">\t\t\n\t\t\t\t\t\n<div class=\"wpcf7 no-js\" id=\"wpcf7-f3377-o1\" lang=\"de-DE\" dir=\"ltr\" data-wpcf7-id=\"3377\">\n<div class=\"screen-reader-response\"><p role=\"status\" aria-live=\"polite\" aria-atomic=\"true\"><\/p> <ul><\/ul><\/div>\n<form action=\"\/de\/wp-json\/wp\/v2\/pages\/2646#wpcf7-f3377-o1\" method=\"post\" class=\"wpcf7-form init\" aria-label=\"Contact form\" novalidate=\"novalidate\" data-status=\"init\">\n<fieldset class=\"hidden-fields-container\"><input type=\"hidden\" name=\"_wpcf7\" value=\"3377\" \/><input type=\"hidden\" name=\"_wpcf7_version\" value=\"6.1.1\" \/><input type=\"hidden\" name=\"_wpcf7_locale\" value=\"de_DE\" \/><input type=\"hidden\" name=\"_wpcf7_unit_tag\" value=\"wpcf7-f3377-o1\" \/><input type=\"hidden\" name=\"_wpcf7_container_post\" value=\"0\" \/><input type=\"hidden\" name=\"_wpcf7_posted_data_hash\" value=\"\" \/><input type=\"hidden\" name=\"_wpcf7_recaptcha_response\" value=\"\" \/>\n<\/fieldset>\n<div class=\"row\">\n\t<div class=\"col-md-6\">\n\t\t<p><span class=\"wpcf7-form-control-wrap\" data-name=\"your-name\"><input size=\"40\" maxlength=\"400\" class=\"wpcf7-form-control wpcf7-text wpcf7-validates-as-required\" autocomplete=\"name\" aria-required=\"true\" aria-invalid=\"false\" placeholder=\"Name*\" value=\"\" type=\"text\" name=\"your-name\" \/><\/span>\n\t\t<\/p>\n\t<\/div>\n\t<div class=\"col-md-6\">\n\t\t<p><span class=\"wpcf7-form-control-wrap\" data-name=\"tel-788\"><input size=\"40\" maxlength=\"400\" class=\"wpcf7-form-control wpcf7-tel wpcf7-text wpcf7-validates-as-tel\" aria-invalid=\"false\" placeholder=\"Telefon\" value=\"\" type=\"tel\" name=\"tel-788\" \/><\/span>\n\t\t<\/p>\n\t<\/div>\n\t<div class=\"col-md-6\">\n\t\t<p><span class=\"wpcf7-form-control-wrap\" data-name=\"your-email\"><input size=\"40\" maxlength=\"400\" class=\"wpcf7-form-control wpcf7-email wpcf7-validates-as-required wpcf7-text wpcf7-validates-as-email\" autocomplete=\"email\" aria-required=\"true\" aria-invalid=\"false\" placeholder=\"E-Mail*\" value=\"\" type=\"email\" name=\"your-email\" \/><\/span>\n\t\t<\/p>\n\t<\/div>\n\t<div class=\"col-md-6\">\n\t\t<p><span class=\"wpcf7-form-control-wrap\" data-name=\"text-762\"><input size=\"40\" maxlength=\"400\" class=\"wpcf7-form-control wpcf7-text\" aria-invalid=\"false\" placeholder=\"Betreff\" value=\"\" type=\"text\" name=\"text-762\" \/><\/span>\n\t\t<\/p>\n\t<\/div>\n\t<div class=\"col-md-12\">\n\t\t<p><span class=\"wpcf7-form-control-wrap\" data-name=\"textarea-649\"><textarea cols=\"40\" rows=\"10\" maxlength=\"2000\" class=\"wpcf7-form-control wpcf7-textarea\" aria-invalid=\"false\" placeholder=\"Nachricht\" name=\"textarea-649\"><\/textarea><\/span>\n\t\t<\/p>\n\t<\/div>\n<\/div>\n<p><div class=\"wpcf7-form-control has-spinner wpcf7-submit\"><button class=\"btn-form1-submit mt-15\">Senden<\/button><\/div>\n<\/p><div class=\"wpcf7-response-output\" aria-hidden=\"true\"><\/div>\n<\/form>\n<\/div>\n\t\t\t\t<\/div>\t\n\t\t\t\t<\/div>\t\n\t\t\t\t\n\t\t<\/div>\t\n\t\t\n        \t\t\t\t<\/div>\n\t\t\t\t<\/div>\n\t\t\t\t\t<\/div>\n\t\t<\/div>\n\t\t\t\t\t<\/div>\n\t\t<\/div>\n\t\t\t\t\t<\/div>\n\t\t<\/div>\n\t\t\t\t\t<\/div>\n\t\t<\/section>\n\t\t\t\t<section class=\"elementor-section elementor-top-section elementor-element elementor-element-a713d05 elementor-section-full_width elementor-section-height-default elementor-section-height-default\" data-id=\"a713d05\" data-element_type=\"section\">\n\t\t\t\t\t\t<div class=\"elementor-container elementor-column-gap-no\">\n\t\t\t\t\t<div class=\"elementor-column elementor-col-100 elementor-top-column elementor-element elementor-element-9075ade\" data-id=\"9075ade\" data-element_type=\"column\">\n\t\t\t<div class=\"elementor-widget-wrap elementor-element-populated\">\n\t\t\t\t\t\t<div class=\"elementor-element elementor-element-8c37d09 elementor-widget elementor-widget-google_maps\" data-id=\"8c37d09\" data-element_type=\"widget\" data-widget_type=\"google_maps.default\">\n\t\t\t\t<div class=\"elementor-widget-container\">\n\t\t\t\t\t\t\t<div class=\"elementor-custom-embed\">\n\t\t\t<iframe loading=\"lazy\"\n\t\t\t\t\tsrc=\"https:\/\/www.google.com\/maps\/embed\/v1\/place?key=AIzaSyDZbQ4HeHBrjKwXSdLJ9kK6B2UvlazisqY&#038;q=Chem.%20du%20Scex%20que%20Pliau%208%2C%201832%20Chamby&#038;zoom=10\"\n\t\t\t\t\ttitle=\"Chem. du Scex que Pliau 8, 1832 Chamby\"\n\t\t\t\t\taria-label=\"Chem. du Scex que Pliau 8, 1832 Chamby\"\n\t\t\t><\/iframe>\n\t\t<\/div>\n\t\t\t\t\t\t<\/div>\n\t\t\t\t<\/div>\n\t\t\t\t\t<\/div>\n\t\t<\/div>\n\t\t\t\t\t<\/div>\n\t\t<\/section>\n\t\t\t\t<\/div>\n\t\t","protected":false},"excerpt":{"rendered":"<p>Kontakt Guibert Piscicultures AG Adresse Chemin du Scex que Pliau 8Postfach 36 1832 Chamby Telefon +41 (0)21 964 37 53 E-Mail info[at]guibertpiscicultures[.]ch Guibert Piscicultures AG Eine Frage? F\u00fcr au\u00dfergew\u00f6hnliche Forellen&#8230;<\/p>\n","protected":false},"author":1,"featured_media":0,"parent":0,"menu_order":0,"comment_status":"closed","ping_status":"closed","template":"","meta":{"footnotes":""},"class_list":["post-2646","page","type-page","status-publish","hentry"],"yoast_head":"<!-- This site is optimized with the Yoast SEO plugin v26.0 - https:\/\/yoast.com\/wordpress\/plugins\/seo\/ -->\n<title>Fischzucht Kontakt - Guibert Piscicultures Waadt<\/title>\n<meta name=\"description\" content=\"Kontaktieren Sie Guibert Fischzuchten f\u00fcr au\u00dfergew\u00f6hnliche Forellen und Saiblinge. Wir stehen Ihnen gerne mit Rat zur Seite. Adresse, Telefonnummer und Kontaktformular sind verf\u00fcgbar.\" \/>\n<meta name=\"robots\" content=\"index, follow, max-snippet:-1, max-image-preview:large, max-video-preview:-1\" \/>\n<link rel=\"canonical\" href=\"https:\/\/guibertpiscicultures.ch\/de\/fischzucht-kontakt\/\" \/>\n<meta property=\"og:locale\" content=\"de_DE\" \/>\n<meta property=\"og:type\" content=\"article\" \/>\n<meta property=\"og:title\" content=\"Fischzucht Kontakt - Guibert Piscicultures Waadt\" \/>\n<meta property=\"og:description\" content=\"Kontaktieren Sie Guibert Fischzuchten f\u00fcr au\u00dfergew\u00f6hnliche Forellen und Saiblinge. Wir stehen Ihnen gerne mit Rat zur Seite. Adresse, Telefonnummer und Kontaktformular sind verf\u00fcgbar.\" \/>\n<meta property=\"og:url\" content=\"https:\/\/guibertpiscicultures.ch\/de\/fischzucht-kontakt\/\" \/>\n<meta property=\"og:site_name\" content=\"Guibert Piscicultures Waadt\" \/>\n<meta property=\"article:modified_time\" content=\"2025-02-14T19:21:56+00:00\" \/>\n<meta property=\"og:image\" content=\"https:\/\/guibertpiscicultures.ch\/wp-content\/uploads\/Guibert-Piscicultures-1.jpg\" \/>\n\t<meta property=\"og:image:width\" content=\"1200\" \/>\n\t<meta property=\"og:image:height\" content=\"675\" \/>\n\t<meta property=\"og:image:type\" content=\"image\/jpeg\" \/>\n<meta name=\"twitter:card\" content=\"summary_large_image\" \/>\n<meta name=\"twitter:label1\" content=\"Est. reading time\" \/>\n\t<meta name=\"twitter:data1\" content=\"1 minute\" \/>\n<script type=\"application\/ld+json\" class=\"yoast-schema-graph\">{\"@context\":\"https:\/\/schema.org\",\"@graph\":[{\"@type\":\"WebPage\",\"@id\":\"https:\/\/guibertpiscicultures.ch\/de\/fischzucht-kontakt\/\",\"url\":\"https:\/\/guibertpiscicultures.ch\/de\/fischzucht-kontakt\/\",\"name\":\"Fischzucht Kontakt - Guibert Piscicultures Waadt\",\"isPartOf\":{\"@id\":\"https:\/\/guibertpiscicultures.ch\/de\/#website\"},\"datePublished\":\"2024-12-25T09:45:53+00:00\",\"dateModified\":\"2025-02-14T19:21:56+00:00\",\"description\":\"Kontaktieren Sie Guibert Fischzuchten f\u00fcr au\u00dfergew\u00f6hnliche Forellen und Saiblinge. Wir stehen Ihnen gerne mit Rat zur Seite. Adresse, Telefonnummer und Kontaktformular sind verf\u00fcgbar.\",\"breadcrumb\":{\"@id\":\"https:\/\/guibertpiscicultures.ch\/de\/fischzucht-kontakt\/#breadcrumb\"},\"inLanguage\":\"de-DE\",\"potentialAction\":[{\"@type\":\"ReadAction\",\"target\":[\"https:\/\/guibertpiscicultures.ch\/de\/fischzucht-kontakt\/\"]}]},{\"@type\":\"BreadcrumbList\",\"@id\":\"https:\/\/guibertpiscicultures.ch\/de\/fischzucht-kontakt\/#breadcrumb\",\"itemListElement\":[{\"@type\":\"ListItem\",\"position\":1,\"name\":\"Home\",\"item\":\"https:\/\/guibertpiscicultures.ch\/de\/\"},{\"@type\":\"ListItem\",\"position\":2,\"name\":\"Fischzucht Kontakt\"}]},{\"@type\":\"WebSite\",\"@id\":\"https:\/\/guibertpiscicultures.ch\/de\/#website\",\"url\":\"https:\/\/guibertpiscicultures.ch\/de\/\",\"name\":\"Guibert Piscicultures Vaud\",\"description\":\"Forellen, Lachsforellen, Saiblinge\",\"publisher\":{\"@id\":\"https:\/\/guibertpiscicultures.ch\/de\/#organization\"},\"alternateName\":\"Guibert Piscicultures\",\"potentialAction\":[{\"@type\":\"SearchAction\",\"target\":{\"@type\":\"EntryPoint\",\"urlTemplate\":\"https:\/\/guibertpiscicultures.ch\/de\/?s={search_term_string}\"},\"query-input\":{\"@type\":\"PropertyValueSpecification\",\"valueRequired\":true,\"valueName\":\"search_term_string\"}}],\"inLanguage\":\"de-DE\"},{\"@type\":\"Organization\",\"@id\":\"https:\/\/guibertpiscicultures.ch\/de\/#organization\",\"name\":\"Guibert Piscicultures SA\",\"alternateName\":\"Guibert Piscicultures\",\"url\":\"https:\/\/guibertpiscicultures.ch\/de\/\",\"logo\":{\"@type\":\"ImageObject\",\"inLanguage\":\"de-DE\",\"@id\":\"https:\/\/guibertpiscicultures.ch\/de\/#\/schema\/logo\/image\/\",\"url\":\"https:\/\/guibertpiscicultures.ch\/wp-content\/uploads\/Guibert-Piscicultures-logo-1.png\",\"contentUrl\":\"https:\/\/guibertpiscicultures.ch\/wp-content\/uploads\/Guibert-Piscicultures-logo-1.png\",\"width\":696,\"height\":696,\"caption\":\"Guibert Piscicultures SA\"},\"image\":{\"@id\":\"https:\/\/guibertpiscicultures.ch\/de\/#\/schema\/logo\/image\/\"}}]}<\/script>\n<!-- \/ Yoast SEO plugin. -->","yoast_head_json":{"title":"Fischzucht Kontakt - Guibert Piscicultures Waadt","description":"Kontaktieren Sie Guibert Fischzuchten f\u00fcr au\u00dfergew\u00f6hnliche Forellen und Saiblinge. Wir stehen Ihnen gerne mit Rat zur Seite. Adresse, Telefonnummer und Kontaktformular sind verf\u00fcgbar.","robots":{"index":"index","follow":"follow","max-snippet":"max-snippet:-1","max-image-preview":"max-image-preview:large","max-video-preview":"max-video-preview:-1"},"canonical":"https:\/\/guibertpiscicultures.ch\/de\/fischzucht-kontakt\/","og_locale":"de_DE","og_type":"article","og_title":"Fischzucht Kontakt - Guibert Piscicultures Waadt","og_description":"Kontaktieren Sie Guibert Fischzuchten f\u00fcr au\u00dfergew\u00f6hnliche Forellen und Saiblinge. Wir stehen Ihnen gerne mit Rat zur Seite. Adresse, Telefonnummer und Kontaktformular sind verf\u00fcgbar.","og_url":"https:\/\/guibertpiscicultures.ch\/de\/fischzucht-kontakt\/","og_site_name":"Guibert Piscicultures Waadt","article_modified_time":"2025-02-14T19:21:56+00:00","og_image":[{"width":1200,"height":675,"url":"https:\/\/guibertpiscicultures.ch\/wp-content\/uploads\/Guibert-Piscicultures-1.jpg","type":"image\/jpeg"}],"twitter_card":"summary_large_image","twitter_misc":{"Est. reading time":"1 minute"},"schema":{"@context":"https:\/\/schema.org","@graph":[{"@type":"WebPage","@id":"https:\/\/guibertpiscicultures.ch\/de\/fischzucht-kontakt\/","url":"https:\/\/guibertpiscicultures.ch\/de\/fischzucht-kontakt\/","name":"Fischzucht Kontakt - Guibert Piscicultures Waadt","isPartOf":{"@id":"https:\/\/guibertpiscicultures.ch\/de\/#website"},"datePublished":"2024-12-25T09:45:53+00:00","dateModified":"2025-02-14T19:21:56+00:00","description":"Kontaktieren Sie Guibert Fischzuchten f\u00fcr au\u00dfergew\u00f6hnliche Forellen und Saiblinge. Wir stehen Ihnen gerne mit Rat zur Seite. Adresse, Telefonnummer und Kontaktformular sind verf\u00fcgbar.","breadcrumb":{"@id":"https:\/\/guibertpiscicultures.ch\/de\/fischzucht-kontakt\/#breadcrumb"},"inLanguage":"de-DE","potentialAction":[{"@type":"ReadAction","target":["https:\/\/guibertpiscicultures.ch\/de\/fischzucht-kontakt\/"]}]},{"@type":"BreadcrumbList","@id":"https:\/\/guibertpiscicultures.ch\/de\/fischzucht-kontakt\/#breadcrumb","itemListElement":[{"@type":"ListItem","position":1,"name":"Home","item":"https:\/\/guibertpiscicultures.ch\/de\/"},{"@type":"ListItem","position":2,"name":"Fischzucht Kontakt"}]},{"@type":"WebSite","@id":"https:\/\/guibertpiscicultures.ch\/de\/#website","url":"https:\/\/guibertpiscicultures.ch\/de\/","name":"Guibert Piscicultures Vaud","description":"Forellen, Lachsforellen, Saiblinge","publisher":{"@id":"https:\/\/guibertpiscicultures.ch\/de\/#organization"},"alternateName":"Guibert Piscicultures","potentialAction":[{"@type":"SearchAction","target":{"@type":"EntryPoint","urlTemplate":"https:\/\/guibertpiscicultures.ch\/de\/?s={search_term_string}"},"query-input":{"@type":"PropertyValueSpecification","valueRequired":true,"valueName":"search_term_string"}}],"inLanguage":"de-DE"},{"@type":"Organization","@id":"https:\/\/guibertpiscicultures.ch\/de\/#organization","name":"Guibert Piscicultures SA","alternateName":"Guibert Piscicultures","url":"https:\/\/guibertpiscicultures.ch\/de\/","logo":{"@type":"ImageObject","inLanguage":"de-DE","@id":"https:\/\/guibertpiscicultures.ch\/de\/#\/schema\/logo\/image\/","url":"https:\/\/guibertpiscicultures.ch\/wp-content\/uploads\/Guibert-Piscicultures-logo-1.png","contentUrl":"https:\/\/guibertpiscicultures.ch\/wp-content\/uploads\/Guibert-Piscicultures-logo-1.png","width":696,"height":696,"caption":"Guibert Piscicultures SA"},"image":{"@id":"https:\/\/guibertpiscicultures.ch\/de\/#\/schema\/logo\/image\/"}}]}},"_links":{"self":[{"href":"https:\/\/guibertpiscicultures.ch\/de\/wp-json\/wp\/v2\/pages\/2646","targetHints":{"allow":["GET"]}}],"collection":[{"href":"https:\/\/guibertpiscicultures.ch\/de\/wp-json\/wp\/v2\/pages"}],"about":[{"href":"https:\/\/guibertpiscicultures.ch\/de\/wp-json\/wp\/v2\/types\/page"}],"author":[{"embeddable":true,"href":"https:\/\/guibertpiscicultures.ch\/de\/wp-json\/wp\/v2\/users\/1"}],"replies":[{"embeddable":true,"href":"https:\/\/guibertpiscicultures.ch\/de\/wp-json\/wp\/v2\/comments?post=2646"}],"version-history":[{"count":24,"href":"https:\/\/guibertpiscicultures.ch\/de\/wp-json\/wp\/v2\/pages\/2646\/revisions"}],"predecessor-version":[{"id":3380,"href":"https:\/\/guibertpiscicultures.ch\/de\/wp-json\/wp\/v2\/pages\/2646\/revisions\/3380"}],"wp:attachment":[{"href":"https:\/\/guibertpiscicultures.ch\/de\/wp-json\/wp\/v2\/media?parent=2646"}],"curies":[{"name":"wp","href":"https:\/\/api.w.org\/{rel}","templated":true}]}}